{"id":638,"date":"2024-06-24T13:55:51","date_gmt":"2024-06-24T13:55:51","guid":{"rendered":"https:\/\/ghgformations.com\/about-us\/"},"modified":"2024-11-18T09:11:16","modified_gmt":"2024-11-18T09:11:16","slug":"qui-sommes-nous","status":"publish","type":"page","link":"https:\/\/ghgformations.com\/fr\/qui-sommes-nous\/","title":{"rendered":"Qui sommes nous ?\u00a0"},"content":{"rendered":"<h2 style=\"\">Notre histoire<\/h2>\n<p><span><img decoding=\"async\" alt=\"\" data-id=\"293\" width=\"90\" data-init-width=\"90\" height=\"2\" data-init-height=\"2\" title=\"line\" loading=\"lazy\" src=\"https:\/\/ghgformations.com\/wp-content\/uploads\/2024\/06\/line.png\" data-width=\"90\" data-height=\"2\" style=\"aspect-ratio: auto 90 \/ 2;\"><\/span><\/p>\n<p>GhG Formations est n\u00e9 de la conviction que chaque individu poss\u00e8de un potentiel immense et des ressources illimit\u00e9es. Initialement dirig\u00e9e par une experte en relation client au parcours brillant, GhG aspire \u00e0 devenir un acteur cl\u00e9 dans le domaine de la formation professionnelle.D\u00e8s ses d\u00e9buts, GhG a mis\u00e9 sur la qualit\u00e9 de ses contenus et l\u2019excellence de ses formateurs, tous experts dans leurs domaines respectifs. GhG offre des formations ax\u00e9es sur l&rsquo;humain, que ce soit dans la relation client, la fresque num\u00e9rique ou la fresque du climat, afin de pr\u00e9parer les apprenants aux d\u00e9fis d\u2019un monde en pleine \u00e9volution.GhG a \u00e9t\u00e9 repris par Zineb ELMEJJAD, une dirigeante passionn\u00e9e de d\u00e9veloppement personnel. Sa passion impr\u00e8gne chaque aspect de notre travail et se refl\u00e8te dans notre approche unique et notre engagement \u00e0 aider chaque apprenant \u00e0 r\u00e9aliser son potentiel et \u00e0 grandir professionnellement.<\/p>\n<p><span><img decoding=\"async\" alt=\"\" data-id=\"300\" width=\"569\" data-init-width=\"569\" height=\"440\" data-init-height=\"440\" title=\"mission and values image\" loading=\"lazy\" src=\"https:\/\/ghgformations.com\/wp-content\/uploads\/2024\/07\/mission-and-values.jpg\" data-width=\"569\" data-height=\"440\" style=\"aspect-ratio: auto 569 \/ 440;\"><\/span><\/p>\n<h2 style=\"\"><span style=\"font-weight: normal;\">Notre Mission<\/span><\/h2>\n<p><span><img decoding=\"async\" alt=\"\" data-id=\"293\" width=\"90\" data-init-width=\"90\" height=\"2\" data-init-height=\"2\" title=\"line\" loading=\"lazy\" src=\"https:\/\/ghgformations.com\/wp-content\/uploads\/2024\/06\/line.png\" data-width=\"90\" data-height=\"2\" style=\"aspect-ratio: auto 90 \/ 2;\"><\/span><\/p>\n<p>Chez GhG Formations, nous vous proposons des formations de qualit\u00e9, centr\u00e9es sur l&rsquo;humain et adapt\u00e9es \u00e0 vos besoins sp\u00e9cifiques.<\/p>\n<ul>\n<li style=\"\">                    <span><strong>Service client :&nbsp;<\/strong>Am\u00e9liorez vos comp\u00e9tences en gestion des interactions et en satisfaction client gr\u00e2ce \u00e0 une approche personnalis\u00e9e.<\/span><\/li>\n<li style=\"\">                    <span><strong>Dirigeants et RSE :&nbsp;<\/strong>Int\u00e9grez des pratiques num\u00e9riques durables dans vos strat\u00e9gies, tout en formant vos \u00e9quipes.<\/span><\/li>\n<li style=\"\">                    <span><strong>Consultants et analystes :&nbsp;<\/strong>D\u00e9veloppez des comp\u00e9tences solides en analyse de donn\u00e9es et en prise de d\u00e9cision.<\/span><\/li>\n<\/ul>\n<p style=\"\">Avec l&rsquo;expertise de nos formateurs, vous d\u00e9veloppez des comp\u00e9tences durables tout en vous \u00e9panouissant professionnellement.<\/p>\n<h2 style=\"\"><span style=\"font-weight: normal;\">Nos Valeurs<\/span><\/h2>\n<p><span><img decoding=\"async\" alt=\"\" data-id=\"293\" width=\"90\" data-init-width=\"90\" height=\"2\" data-init-height=\"2\" title=\"line\" loading=\"lazy\" src=\"https:\/\/ghgformations.com\/wp-content\/uploads\/2024\/06\/line.png\" data-width=\"90\" data-height=\"2\" style=\"aspect-ratio: auto 90 \/ 2;\"><\/span><\/p>\n<ul>\n<li style=\"\">                    <span><strong>Qualit\u00e9 :&nbsp;<\/strong> Des formations rigoureuses et adapt\u00e9es \u00e0 vos besoins actuels.<\/span><\/li>\n<li style=\"\">                    <span><strong>Humanit\u00e9 :&nbsp;<\/strong> Une approche centr\u00e9e sur l&rsquo;\u00e9coute et le d\u00e9veloppement de chaque apprenant.<\/span><\/li>\n<li style=\"\">                    <span><strong>Impact :&nbsp;<\/strong>Des r\u00e9sultats concrets et durables pour la croissance professionnelle.&nbsp;<\/span><\/li>\n<\/ul>\n<p><span><img decoding=\"async\" alt=\"\" data-id=\"890\" width=\"470\" data-init-width=\"569\" height=\"363\" data-init-height=\"440\" title=\"Our-Values\" loading=\"lazy\" src=\"https:\/\/ghgformations.com\/wp-content\/uploads\/2024\/09\/Our-Values.jpg\" data-width=\"470\" data-height=\"363\" style=\"aspect-ratio: auto 569 \/ 440;\"><\/span><\/p>\n","protected":false},"excerpt":{"rendered":"<p>Notre histoire GhG Formations est n\u00e9 de la conviction que chaque individu poss\u00e8de un potentiel immense et des ressources illimit\u00e9es. Initialement dirig\u00e9e par une experte en relation client au parcours brillant, GhG aspire \u00e0 devenir un acteur cl\u00e9 dans le domaine de la formation professionnelle.D\u00e8s ses d\u00e9buts, GhG a mis\u00e9 sur la qualit\u00e9 de ses [&hellip;]<\/p>\n","protected":false},"author":1,"featured_media":0,"parent":0,"menu_order":0,"comment_status":"closed","ping_status":"closed","template":"","meta":{"footnotes":""},"class_list":["post-638","page","type-page","status-publish","hentry","post-wrapper","thrv_wrapper"],"yoast_head":"<!-- This site is optimized with the Yoast SEO plugin v25.0 - https:\/\/yoast.com\/wordpress\/plugins\/seo\/ -->\n<title>Qui sommes nous ?\u00a0 - GhG Formation<\/title>\n<meta name=\"robots\" content=\"index, follow, max-snippet:-1, max-image-preview:large, max-video-preview:-1\" \/>\n<link rel=\"canonical\" href=\"https:\/\/ghgformations.com\/about-us\/\" \/>\n<meta property=\"og:locale\" content=\"fr_FR\" \/>\n<meta property=\"og:type\" content=\"article\" \/>\n<meta property=\"og:title\" content=\"Qui sommes nous ?\u00a0 - GhG Formation\" \/>\n<meta property=\"og:description\" content=\"Notre histoire GhG Formations est n\u00e9 de la conviction que chaque individu poss\u00e8de un potentiel immense et des ressources illimit\u00e9es. Initialement dirig\u00e9e par une experte en relation client au parcours brillant, GhG aspire \u00e0 devenir un acteur cl\u00e9 dans le domaine de la formation professionnelle.D\u00e8s ses d\u00e9buts, GhG a mis\u00e9 sur la qualit\u00e9 de ses [&hellip;]\" \/>\n<meta property=\"og:url\" content=\"https:\/\/ghgformations.com\/about-us\/\" \/>\n<meta property=\"og:site_name\" content=\"GhG Formation\" \/>\n<meta property=\"article:modified_time\" content=\"2024-11-18T09:11:16+00:00\" \/>\n<meta property=\"og:image\" content=\"https:\/\/ghgformations.com\/wp-content\/uploads\/2024\/06\/line.png\" \/>\n<meta name=\"twitter:card\" content=\"summary_large_image\" \/>\n<meta name=\"twitter:label1\" content=\"Dur\u00e9e de lecture estim\u00e9e\" \/>\n\t<meta name=\"twitter:data1\" content=\"2 minutes\" \/>\n<script type=\"application\/ld+json\" class=\"yoast-schema-graph\">{\"@context\":\"https:\/\/schema.org\",\"@graph\":[{\"@type\":\"WebPage\",\"@id\":\"https:\/\/ghgformations.com\/about-us\/\",\"url\":\"https:\/\/ghgformations.com\/about-us\/\",\"name\":\"Qui sommes nous ?\u00a0 - GhG Formation\",\"isPartOf\":{\"@id\":\"https:\/\/ghgformations.com\/#website\"},\"primaryImageOfPage\":{\"@id\":\"https:\/\/ghgformations.com\/about-us\/#primaryimage\"},\"image\":{\"@id\":\"https:\/\/ghgformations.com\/about-us\/#primaryimage\"},\"thumbnailUrl\":\"https:\/\/ghgformations.com\/wp-content\/uploads\/2024\/06\/line.png\",\"datePublished\":\"2024-06-24T13:55:51+00:00\",\"dateModified\":\"2024-11-18T09:11:16+00:00\",\"breadcrumb\":{\"@id\":\"https:\/\/ghgformations.com\/about-us\/#breadcrumb\"},\"inLanguage\":\"fr-FR\",\"potentialAction\":[{\"@type\":\"ReadAction\",\"target\":[\"https:\/\/ghgformations.com\/about-us\/\"]}]},{\"@type\":\"ImageObject\",\"inLanguage\":\"fr-FR\",\"@id\":\"https:\/\/ghgformations.com\/about-us\/#primaryimage\",\"url\":\"https:\/\/ghgformations.com\/wp-content\/uploads\/2024\/06\/line.png\",\"contentUrl\":\"https:\/\/ghgformations.com\/wp-content\/uploads\/2024\/06\/line.png\"},{\"@type\":\"BreadcrumbList\",\"@id\":\"https:\/\/ghgformations.com\/about-us\/#breadcrumb\",\"itemListElement\":[{\"@type\":\"ListItem\",\"position\":1,\"name\":\"Home\",\"item\":\"https:\/\/ghgformations.com\/fr\/\"},{\"@type\":\"ListItem\",\"position\":2,\"name\":\"Qui sommes nous ?\u00a0\"}]},{\"@type\":\"WebSite\",\"@id\":\"https:\/\/ghgformations.com\/#website\",\"url\":\"https:\/\/ghgformations.com\/\",\"name\":\"GhG Formation\",\"description\":\"Boostez vos comp\u00e9tences.\",\"publisher\":{\"@id\":\"https:\/\/ghgformations.com\/#organization\"},\"potentialAction\":[{\"@type\":\"SearchAction\",\"target\":{\"@type\":\"EntryPoint\",\"urlTemplate\":\"https:\/\/ghgformations.com\/?s={search_term_string}\"},\"query-input\":{\"@type\":\"PropertyValueSpecification\",\"valueRequired\":true,\"valueName\":\"search_term_string\"}}],\"inLanguage\":\"fr-FR\"},{\"@type\":\"Organization\",\"@id\":\"https:\/\/ghgformations.com\/#organization\",\"name\":\"GhG Formation\",\"url\":\"https:\/\/ghgformations.com\/\",\"logo\":{\"@type\":\"ImageObject\",\"inLanguage\":\"fr-FR\",\"@id\":\"https:\/\/ghgformations.com\/#\/schema\/logo\/image\/\",\"url\":\"https:\/\/ghgformations.com\/wp-content\/uploads\/2024\/07\/logo.jpg\",\"contentUrl\":\"https:\/\/ghgformations.com\/wp-content\/uploads\/2024\/07\/logo.jpg\",\"width\":320,\"height\":68,\"caption\":\"GhG Formation\"},\"image\":{\"@id\":\"https:\/\/ghgformations.com\/#\/schema\/logo\/image\/\"}}]}<\/script>\n<!-- \/ Yoast SEO plugin. -->","yoast_head_json":{"title":"Qui sommes nous ?\u00a0 - GhG Formation","robots":{"index":"index","follow":"follow","max-snippet":"max-snippet:-1","max-image-preview":"max-image-preview:large","max-video-preview":"max-video-preview:-1"},"canonical":"https:\/\/ghgformations.com\/about-us\/","og_locale":"fr_FR","og_type":"article","og_title":"Qui sommes nous ?\u00a0 - GhG Formation","og_description":"Notre histoire GhG Formations est n\u00e9 de la conviction que chaque individu poss\u00e8de un potentiel immense et des ressources illimit\u00e9es. Initialement dirig\u00e9e par une experte en relation client au parcours brillant, GhG aspire \u00e0 devenir un acteur cl\u00e9 dans le domaine de la formation professionnelle.D\u00e8s ses d\u00e9buts, GhG a mis\u00e9 sur la qualit\u00e9 de ses [&hellip;]","og_url":"https:\/\/ghgformations.com\/about-us\/","og_site_name":"GhG Formation","article_modified_time":"2024-11-18T09:11:16+00:00","og_image":[{"url":"https:\/\/ghgformations.com\/wp-content\/uploads\/2024\/06\/line.png","type":"","width":"","height":""}],"twitter_card":"summary_large_image","twitter_misc":{"Dur\u00e9e de lecture estim\u00e9e":"2 minutes"},"schema":{"@context":"https:\/\/schema.org","@graph":[{"@type":"WebPage","@id":"https:\/\/ghgformations.com\/about-us\/","url":"https:\/\/ghgformations.com\/about-us\/","name":"Qui sommes nous ?\u00a0 - GhG Formation","isPartOf":{"@id":"https:\/\/ghgformations.com\/#website"},"primaryImageOfPage":{"@id":"https:\/\/ghgformations.com\/about-us\/#primaryimage"},"image":{"@id":"https:\/\/ghgformations.com\/about-us\/#primaryimage"},"thumbnailUrl":"https:\/\/ghgformations.com\/wp-content\/uploads\/2024\/06\/line.png","datePublished":"2024-06-24T13:55:51+00:00","dateModified":"2024-11-18T09:11:16+00:00","breadcrumb":{"@id":"https:\/\/ghgformations.com\/about-us\/#breadcrumb"},"inLanguage":"fr-FR","potentialAction":[{"@type":"ReadAction","target":["https:\/\/ghgformations.com\/about-us\/"]}]},{"@type":"ImageObject","inLanguage":"fr-FR","@id":"https:\/\/ghgformations.com\/about-us\/#primaryimage","url":"https:\/\/ghgformations.com\/wp-content\/uploads\/2024\/06\/line.png","contentUrl":"https:\/\/ghgformations.com\/wp-content\/uploads\/2024\/06\/line.png"},{"@type":"BreadcrumbList","@id":"https:\/\/ghgformations.com\/about-us\/#breadcrumb","itemListElement":[{"@type":"ListItem","position":1,"name":"Home","item":"https:\/\/ghgformations.com\/fr\/"},{"@type":"ListItem","position":2,"name":"Qui sommes nous ?\u00a0"}]},{"@type":"WebSite","@id":"https:\/\/ghgformations.com\/#website","url":"https:\/\/ghgformations.com\/","name":"GhG Formation","description":"Boostez vos comp\u00e9tences.","publisher":{"@id":"https:\/\/ghgformations.com\/#organization"},"potentialAction":[{"@type":"SearchAction","target":{"@type":"EntryPoint","urlTemplate":"https:\/\/ghgformations.com\/?s={search_term_string}"},"query-input":{"@type":"PropertyValueSpecification","valueRequired":true,"valueName":"search_term_string"}}],"inLanguage":"fr-FR"},{"@type":"Organization","@id":"https:\/\/ghgformations.com\/#organization","name":"GhG Formation","url":"https:\/\/ghgformations.com\/","logo":{"@type":"ImageObject","inLanguage":"fr-FR","@id":"https:\/\/ghgformations.com\/#\/schema\/logo\/image\/","url":"https:\/\/ghgformations.com\/wp-content\/uploads\/2024\/07\/logo.jpg","contentUrl":"https:\/\/ghgformations.com\/wp-content\/uploads\/2024\/07\/logo.jpg","width":320,"height":68,"caption":"GhG Formation"},"image":{"@id":"https:\/\/ghgformations.com\/#\/schema\/logo\/image\/"}}]}},"_links":{"self":[{"href":"https:\/\/ghgformations.com\/fr\/wp-json\/wp\/v2\/pages\/638","targetHints":{"allow":["GET"]}}],"collection":[{"href":"https:\/\/ghgformations.com\/fr\/wp-json\/wp\/v2\/pages"}],"about":[{"href":"https:\/\/ghgformations.com\/fr\/wp-json\/wp\/v2\/types\/page"}],"author":[{"embeddable":true,"href":"https:\/\/ghgformations.com\/fr\/wp-json\/wp\/v2\/users\/1"}],"replies":[{"embeddable":true,"href":"https:\/\/ghgformations.com\/fr\/wp-json\/wp\/v2\/comments?post=638"}],"version-history":[{"count":0,"href":"https:\/\/ghgformations.com\/fr\/wp-json\/wp\/v2\/pages\/638\/revisions"}],"wp:attachment":[{"href":"https:\/\/ghgformations.com\/fr\/wp-json\/wp\/v2\/media?parent=638"}],"curies":[{"name":"wp","href":"https:\/\/api.w.org\/{rel}","templated":true}]}}