{"id":639,"date":"2024-06-24T13:54:27","date_gmt":"2024-06-24T13:54:27","guid":{"rendered":"https:\/\/ghgformations.com\/nos-formateurs\/"},"modified":"2025-05-26T09:20:37","modified_gmt":"2025-05-26T09:20:37","slug":"nos-formateurs","status":"publish","type":"page","link":"https:\/\/ghgformations.com\/fr\/nos-formateurs\/","title":{"rendered":"Nos formateurs"},"content":{"rendered":"<p style=\"text-align: center;\">Chez GhG Formations, nous pla\u00e7ons vos objectifs au c\u0153ur de notre approche. Nos formateurs, experts dans leurs domaines, allient exp\u00e9rience et p\u00e9dagogie interactive pour vous offrir des formations personnalis\u00e9es, adapt\u00e9es \u00e0 vos besoins.<\/p>\n<p><span><img decoding=\"async\" alt=\"\" data-id=\"908\" width=\"80\" data-init-width=\"90\" height=\"80\" data-init-height=\"90\" title=\"Expertise img\" loading=\"lazy\" src=\"https:\/\/ghgformations.com\/wp-content\/uploads\/2024\/09\/Expertise.png\" data-width=\"80\" data-height=\"80\" style=\"aspect-ratio: auto 90 \/ 90;\"><\/span><\/p>\n<h2 style=\"text-align: center;\">Expertise<\/h2>\n<p style=\"text-align: center;\">Des professionnels qualifi\u00e9s, proposant des contenus pertinents et align\u00e9s avec les exigences du march\u00e9 actuel.<\/p>\n<p><span><img decoding=\"async\" alt=\"\" data-id=\"1194\" width=\"80\" data-init-width=\"90\" height=\"80\" data-init-height=\"90\" title=\"Interactive-methods\" loading=\"lazy\" src=\"https:\/\/ghgformations.com\/wp-content\/uploads\/2024\/10\/Interactive-methods.png\" data-width=\"80\" data-height=\"80\" style=\"aspect-ratio: auto 90 \/ 90;\"><\/span><\/p>\n<h2 style=\"text-align: center;\">M\u00e9thodes interactives<\/h2>\n<p style=\"text-align: center;\">Des formations ax\u00e9es sur l&rsquo;apprenant, garantissant une compr\u00e9hension et une application efficace des comp\u00e9tences.<\/p>\n<p><span><img decoding=\"async\" alt=\"\" data-id=\"916\" width=\"80\" data-init-width=\"90\" height=\"80\" data-init-height=\"90\" title=\"adaptability\" loading=\"lazy\" src=\"https:\/\/ghgformations.com\/wp-content\/uploads\/2024\/09\/adaptability.png\" data-width=\"80\" data-height=\"80\" style=\"aspect-ratio: auto 90 \/ 90;\"><\/span><\/p>\n<h2 style=\"text-align: center;\">Adaptabilit\u00e9<\/h2>\n<p style=\"text-align: center;\">Que vous soyez dirigeant, responsable RSE ou consultant, nos modules s&rsquo;ajustent \u00e0 vos enjeux sp\u00e9cifiques.<\/p>\n<p><span><img decoding=\"async\" alt=\"\" data-id=\"1196\" width=\"80\" data-init-width=\"90\" height=\"80\" data-init-height=\"90\" title=\"Continuous-support\" loading=\"lazy\" src=\"https:\/\/ghgformations.com\/wp-content\/uploads\/2024\/10\/Continuous-support.png\" data-width=\"80\" data-height=\"80\" style=\"aspect-ratio: auto 90 \/ 90;\"><\/span><\/p>\n<h2 style=\"text-align: center;\">Soutien continu<\/h2>\n<p style=\"text-align: center;\">Nos formateurs restent disponibles pour vous accompagner au-del\u00e0 de la formation, assurant un suivi personnalis\u00e9.<\/p>\n<p style=\"text-align: center;\">Rejoignez GhG Formations et transformez votre parcours professionnel gr\u00e2ce \u00e0 l&rsquo;expertise et au soutien de nos formateurs.<\/p>\n<p><span><img decoding=\"async\" alt=\"\" data-id=\"922\" width=\"303\" data-init-width=\"366\" height=\"221\" data-init-height=\"267\" title=\"St\u00e9phanie-Chipaux img\" loading=\"lazy\" src=\"https:\/\/ghgformations.com\/wp-content\/uploads\/2024\/09\/Stephanie-Chipaux.jpg\" data-width=\"303\" data-height=\"221\" style=\"aspect-ratio: auto 366 \/ 267;\"><\/span><\/p>\n<h3>St\u00e9phanie CHIPAUX<\/h3>\n<p style=\"\"><em><em><em>Conseil num\u00e9rique responsable, facilitation &amp; sensibilisation<\/em><\/em><\/em><\/p>\n<p dir=\"ltr\" style=\"\">L\u2019informatique est mon domaine professionnel depuis plus de 20 ans.&nbsp;<\/p>\n<p dir=\"ltr\">D\u00e9veloppeuse d\u2019application \u00e0 mes d\u00e9buts, puis chef de projet dans mes derni\u00e8res exp\u00e9riences, j\u2019ai pu exp\u00e9rimenter les enjeux de l\u2019\u00e9dition logiciel, ses m\u00e9thodologies et son humanit\u00e9 sur des projets ambitieux et passionnants.<\/p>\n<p dir=\"ltr\" style=\"\">En 2020, ma rencontre avec le num\u00e9rique responsable a \u00e9t\u00e9 d\u00e9cisive. Ses valeurs, sa vision syst\u00e9mique et ses atouts m\u00e9thodologiques m&rsquo;ont imm\u00e9diatement convaincues. Apr\u00e8s l\u2019obtention de mon certificat de connaissances en num\u00e9rique responsable INR et mes formations \u00e0 l\u2019animation des Fresque du Climat et du Num\u00e9rique, j\u2019ai d\u00e9cid\u00e9 de cr\u00e9er mon entreprise. Mes objectifs principaux sont de faire conna\u00eetre la d\u00e9marche num\u00e9rique responsable et ses enjeux, et de soutenir les organisations qui souhaitent transformer leur mod\u00e8le.<\/p>\n<p dir=\"ltr\" style=\"\">Depuis, j&rsquo;ai r\u00e9alis\u00e9 de nombreuses sensibilisations dans des contextes vari\u00e9s : professionnel, citoyen et enseignement. Cette diversit\u00e9 m&rsquo;a permis de me confronter \u00e0 tout type de public, renfor\u00e7ant ainsi ma posture de facilitatrice. En 2023, j&rsquo;ai sensibilis\u00e9 une centaine de personnes au cours d&rsquo;une quinzaine d&rsquo;ateliers, toujours avec autant de magie et un engagement renouvel\u00e9.<\/p>\n<\/p>\n<p><span><img decoding=\"async\" alt=\"\" data-id=\"924\" width=\"303\" data-init-width=\"366\" height=\"221\" data-init-height=\"267\" title=\"Sophia-Orioli\" loading=\"lazy\" src=\"https:\/\/ghgformations.com\/wp-content\/uploads\/2024\/09\/Sophia-Orioli.jpg\" data-width=\"303\" data-height=\"221\" style=\"aspect-ratio: auto 366 \/ 267;\"><\/span><\/p>\n<h3>Sophia Orioli<\/h3>\n<p style=\"\"><em>&nbsp;An Indispensable Expertise in Telephone Reception and Customer Relations<\/em><\/p>\n<p dir=\"ltr\" style=\"\">Avec 18 ans d&rsquo;exp\u00e9rience dans la permanence t\u00e9l\u00e9phonique et la gestion des relations client, j&rsquo;ai d\u00e9velopp\u00e9 une expertise reconnue dans ce domaine. Au fil des ann\u00e9es, j&rsquo;ai pu observer de pr\u00e8s l&rsquo;importance cruciale d&rsquo;un accueil t\u00e9l\u00e9phonique et physique de qualit\u00e9 au sein des entreprises. Je suis pleinement consciente que ces premiers contacts constituent souvent la vitrine de l&rsquo;entreprise, et j&rsquo;ai donc su adapter mes pratiques pour r\u00e9pondre aux exigences croissantes de mes clients.<\/p>\n<p dir=\"ltr\" style=\"\">Non seulement j&rsquo;ai perfectionn\u00e9 mes propres comp\u00e9tences, mais j&rsquo;ai \u00e9galement pris l&rsquo;initiative de former mes \u00e9quipes, en leur inculquant l&rsquo;importance de chaque interaction avec le client. J&rsquo;ai mis en place des m\u00e9thodes structur\u00e9es et efficaces, adapt\u00e9es aux enjeux complexes auxquels mes clients sont confront\u00e9s dans divers secteurs. Gr\u00e2ce \u00e0 cette approche, des missions souvent sous-estim\u00e9es dans leur technicit\u00e9 sont devenues de v\u00e9ritables piliers de la strat\u00e9gie de relation client des entreprises que j&rsquo;accompagne.<\/p>\n<p dir=\"ltr\" style=\"\">Ce qui me distingue, c\u2019est ma capacit\u00e9 \u00e0 transformer une t\u00e2che apparemment simple en un acte professionnel de haute qualit\u00e9, o\u00f9 rien n\u2019est laiss\u00e9 au hasard. Les comp\u00e9tences que j\u2019ai acquises et transmises sont le fruit d\u2019ann\u00e9es de pratique rigoureuse, de formation continue, et d\u2019une compr\u00e9hension profonde des attentes des clients. Pour moi, la gestion de l&rsquo;accueil, qu\u2019il soit t\u00e9l\u00e9phonique ou physique, ne s&rsquo;improvise pas, mais requiert des comp\u00e9tences professionnelles sp\u00e9cifiques, acquises par l\u2019exp\u00e9rience et le perfectionnement constant.<\/p>\n<p><span><img decoding=\"async\" alt=\"\" data-id=\"1299\" width=\"293\" data-init-width=\"366\" height=\"214\" data-init-height=\"267\" title=\"Yahya-Elmejjad\" loading=\"lazy\" src=\"https:\/\/ghgformations.com\/wp-content\/uploads\/2024\/10\/Yahya-Elmejjad.jpg\" data-width=\"293\" data-height=\"214\" style=\"aspect-ratio: auto 366 \/ 267;\"><\/span><\/p>\n<h3 style=\"\">Yahya ELMEJJAD<\/h3>\n<p style=\"\"><em><em>Product Manager ax\u00e9 sur les donn\u00e9es et l\u2019op\u00e9rationnel<\/em><\/em><\/p>\n<p style=\"\">Actuellement Product Manager passionn\u00e9 par l&rsquo;exploitation des donn\u00e9es pour orienter les d\u00e9cisions strat\u00e9giques. Au cours de ma carri\u00e8re, j&rsquo;ai accumul\u00e9 une vaste exp\u00e9rience dans les produits cloud, l&rsquo;analyse de donn\u00e9es, et les solutions AWS Cloud, ce qui m&rsquo;a permis d&rsquo;aider les entreprises \u00e0 am\u00e9liorer leur prise de d\u00e9cision produit gr\u00e2ce \u00e0 des insights bas\u00e9s sur les donn\u00e9es. C\u2019est cette passion pour les donn\u00e9es qui m\u2019a pouss\u00e9 \u00e0 fonder Data Led Consulting, avec l&rsquo;objectif de partager mon expertise et de stimuler l&rsquo;innovation par les donn\u00e9es.Au fil des ann\u00e9es, j&rsquo;ai occup\u00e9 divers r\u00f4les, notamment Technical Product Manager, Product Manager, et Product Owner. Dans ces postes, j&rsquo;ai eu l&rsquo;occasion de lancer des fonctionnalit\u00e9s de s\u00e9curit\u00e9 majeures, permettant aux banques de g\u00e9rer et de s\u00e9curiser efficacement leurs cl\u00e9s de chiffrement de donn\u00e9es. Mon parcours dans le domaine de l&rsquo;IT a \u00e9t\u00e9 \u00e0 la fois stimulant et enrichissant, et j&rsquo;ai pris plaisir \u00e0 partager mes connaissances \u00e0 travers de nombreux articles sur des sujets li\u00e9s \u00e0 l&rsquo;informatique. Mon objectif a toujours \u00e9t\u00e9 de transformer les donn\u00e9es en un outil puissant pour l&rsquo;innovation, un aspect essentiel pour toute personne souhaitant ma\u00eetriser la gestion de produits orient\u00e9e par les donn\u00e9es.<\/p>\n","protected":false},"excerpt":{"rendered":"<p>Chez GhG Formations, nous pla\u00e7ons vos objectifs au c\u0153ur de notre approche. Nos formateurs, experts dans leurs domaines, allient exp\u00e9rience et p\u00e9dagogie interactive pour vous offrir des formations personnalis\u00e9es, adapt\u00e9es \u00e0 vos besoins. Expertise Des professionnels qualifi\u00e9s, proposant des contenus pertinents et align\u00e9s avec les exigences du march\u00e9 actuel. M\u00e9thodes interactives Des formations ax\u00e9es sur [&hellip;]<\/p>\n","protected":false},"author":1,"featured_media":0,"parent":0,"menu_order":0,"comment_status":"closed","ping_status":"closed","template":"","meta":{"footnotes":""},"class_list":["post-639","page","type-page","status-publish","hentry","post-wrapper","thrv_wrapper"],"yoast_head":"<!-- This site is optimized with the Yoast SEO plugin v25.0 - https:\/\/yoast.com\/wordpress\/plugins\/seo\/ -->\n<title>Nos formateurs - GhG Formation<\/title>\n<meta name=\"robots\" content=\"index, follow, max-snippet:-1, max-image-preview:large, max-video-preview:-1\" \/>\n<link rel=\"canonical\" href=\"https:\/\/ghgformations.com\/fr\/nos-formateurs\/\" \/>\n<meta property=\"og:locale\" content=\"fr_FR\" \/>\n<meta property=\"og:type\" content=\"article\" \/>\n<meta property=\"og:title\" content=\"Nos formateurs - GhG Formation\" \/>\n<meta property=\"og:description\" content=\"Chez GhG Formations, nous pla\u00e7ons vos objectifs au c\u0153ur de notre approche. Nos formateurs, experts dans leurs domaines, allient exp\u00e9rience et p\u00e9dagogie interactive pour vous offrir des formations personnalis\u00e9es, adapt\u00e9es \u00e0 vos besoins. Expertise Des professionnels qualifi\u00e9s, proposant des contenus pertinents et align\u00e9s avec les exigences du march\u00e9 actuel. M\u00e9thodes interactives Des formations ax\u00e9es sur [&hellip;]\" \/>\n<meta property=\"og:url\" content=\"https:\/\/ghgformations.com\/fr\/nos-formateurs\/\" \/>\n<meta property=\"og:site_name\" content=\"GhG Formation\" \/>\n<meta property=\"article:modified_time\" content=\"2025-05-26T09:20:37+00:00\" \/>\n<meta property=\"og:image\" content=\"https:\/\/ghgformations.com\/wp-content\/uploads\/2024\/09\/Expertise.png\" \/>\n<meta name=\"twitter:card\" content=\"summary_large_image\" \/>\n<meta name=\"twitter:label1\" content=\"Dur\u00e9e de lecture estim\u00e9e\" \/>\n\t<meta name=\"twitter:data1\" content=\"4 minutes\" \/>\n<script type=\"application\/ld+json\" class=\"yoast-schema-graph\">{\"@context\":\"https:\/\/schema.org\",\"@graph\":[{\"@type\":\"WebPage\",\"@id\":\"https:\/\/ghgformations.com\/fr\/nos-formateurs\/\",\"url\":\"https:\/\/ghgformations.com\/fr\/nos-formateurs\/\",\"name\":\"Nos formateurs - GhG Formation\",\"isPartOf\":{\"@id\":\"https:\/\/ghgformations.com\/#website\"},\"primaryImageOfPage\":{\"@id\":\"https:\/\/ghgformations.com\/fr\/nos-formateurs\/#primaryimage\"},\"image\":{\"@id\":\"https:\/\/ghgformations.com\/fr\/nos-formateurs\/#primaryimage\"},\"thumbnailUrl\":\"https:\/\/ghgformations.com\/wp-content\/uploads\/2024\/09\/Expertise.png\",\"datePublished\":\"2024-06-24T13:54:27+00:00\",\"dateModified\":\"2025-05-26T09:20:37+00:00\",\"breadcrumb\":{\"@id\":\"https:\/\/ghgformations.com\/fr\/nos-formateurs\/#breadcrumb\"},\"inLanguage\":\"fr-FR\",\"potentialAction\":[{\"@type\":\"ReadAction\",\"target\":[\"https:\/\/ghgformations.com\/fr\/nos-formateurs\/\"]}]},{\"@type\":\"ImageObject\",\"inLanguage\":\"fr-FR\",\"@id\":\"https:\/\/ghgformations.com\/fr\/nos-formateurs\/#primaryimage\",\"url\":\"https:\/\/ghgformations.com\/wp-content\/uploads\/2024\/09\/Expertise.png\",\"contentUrl\":\"https:\/\/ghgformations.com\/wp-content\/uploads\/2024\/09\/Expertise.png\"},{\"@type\":\"BreadcrumbList\",\"@id\":\"https:\/\/ghgformations.com\/fr\/nos-formateurs\/#breadcrumb\",\"itemListElement\":[{\"@type\":\"ListItem\",\"position\":1,\"name\":\"Home\",\"item\":\"https:\/\/ghgformations.com\/fr\/\"},{\"@type\":\"ListItem\",\"position\":2,\"name\":\"Nos formateurs\"}]},{\"@type\":\"WebSite\",\"@id\":\"https:\/\/ghgformations.com\/#website\",\"url\":\"https:\/\/ghgformations.com\/\",\"name\":\"GhG Formation\",\"description\":\"Boostez vos comp\u00e9tences.\",\"publisher\":{\"@id\":\"https:\/\/ghgformations.com\/#organization\"},\"potentialAction\":[{\"@type\":\"SearchAction\",\"target\":{\"@type\":\"EntryPoint\",\"urlTemplate\":\"https:\/\/ghgformations.com\/?s={search_term_string}\"},\"query-input\":{\"@type\":\"PropertyValueSpecification\",\"valueRequired\":true,\"valueName\":\"search_term_string\"}}],\"inLanguage\":\"fr-FR\"},{\"@type\":\"Organization\",\"@id\":\"https:\/\/ghgformations.com\/#organization\",\"name\":\"GhG Formation\",\"url\":\"https:\/\/ghgformations.com\/\",\"logo\":{\"@type\":\"ImageObject\",\"inLanguage\":\"fr-FR\",\"@id\":\"https:\/\/ghgformations.com\/#\/schema\/logo\/image\/\",\"url\":\"https:\/\/ghgformations.com\/wp-content\/uploads\/2024\/07\/logo.jpg\",\"contentUrl\":\"https:\/\/ghgformations.com\/wp-content\/uploads\/2024\/07\/logo.jpg\",\"width\":320,\"height\":68,\"caption\":\"GhG Formation\"},\"image\":{\"@id\":\"https:\/\/ghgformations.com\/#\/schema\/logo\/image\/\"}}]}<\/script>\n<!-- \/ Yoast SEO plugin. -->","yoast_head_json":{"title":"Nos formateurs - GhG Formation","robots":{"index":"index","follow":"follow","max-snippet":"max-snippet:-1","max-image-preview":"max-image-preview:large","max-video-preview":"max-video-preview:-1"},"canonical":"https:\/\/ghgformations.com\/fr\/nos-formateurs\/","og_locale":"fr_FR","og_type":"article","og_title":"Nos formateurs - GhG Formation","og_description":"Chez GhG Formations, nous pla\u00e7ons vos objectifs au c\u0153ur de notre approche. Nos formateurs, experts dans leurs domaines, allient exp\u00e9rience et p\u00e9dagogie interactive pour vous offrir des formations personnalis\u00e9es, adapt\u00e9es \u00e0 vos besoins. Expertise Des professionnels qualifi\u00e9s, proposant des contenus pertinents et align\u00e9s avec les exigences du march\u00e9 actuel. M\u00e9thodes interactives Des formations ax\u00e9es sur [&hellip;]","og_url":"https:\/\/ghgformations.com\/fr\/nos-formateurs\/","og_site_name":"GhG Formation","article_modified_time":"2025-05-26T09:20:37+00:00","og_image":[{"url":"https:\/\/ghgformations.com\/wp-content\/uploads\/2024\/09\/Expertise.png","type":"","width":"","height":""}],"twitter_card":"summary_large_image","twitter_misc":{"Dur\u00e9e de lecture estim\u00e9e":"4 minutes"},"schema":{"@context":"https:\/\/schema.org","@graph":[{"@type":"WebPage","@id":"https:\/\/ghgformations.com\/fr\/nos-formateurs\/","url":"https:\/\/ghgformations.com\/fr\/nos-formateurs\/","name":"Nos formateurs - GhG Formation","isPartOf":{"@id":"https:\/\/ghgformations.com\/#website"},"primaryImageOfPage":{"@id":"https:\/\/ghgformations.com\/fr\/nos-formateurs\/#primaryimage"},"image":{"@id":"https:\/\/ghgformations.com\/fr\/nos-formateurs\/#primaryimage"},"thumbnailUrl":"https:\/\/ghgformations.com\/wp-content\/uploads\/2024\/09\/Expertise.png","datePublished":"2024-06-24T13:54:27+00:00","dateModified":"2025-05-26T09:20:37+00:00","breadcrumb":{"@id":"https:\/\/ghgformations.com\/fr\/nos-formateurs\/#breadcrumb"},"inLanguage":"fr-FR","potentialAction":[{"@type":"ReadAction","target":["https:\/\/ghgformations.com\/fr\/nos-formateurs\/"]}]},{"@type":"ImageObject","inLanguage":"fr-FR","@id":"https:\/\/ghgformations.com\/fr\/nos-formateurs\/#primaryimage","url":"https:\/\/ghgformations.com\/wp-content\/uploads\/2024\/09\/Expertise.png","contentUrl":"https:\/\/ghgformations.com\/wp-content\/uploads\/2024\/09\/Expertise.png"},{"@type":"BreadcrumbList","@id":"https:\/\/ghgformations.com\/fr\/nos-formateurs\/#breadcrumb","itemListElement":[{"@type":"ListItem","position":1,"name":"Home","item":"https:\/\/ghgformations.com\/fr\/"},{"@type":"ListItem","position":2,"name":"Nos formateurs"}]},{"@type":"WebSite","@id":"https:\/\/ghgformations.com\/#website","url":"https:\/\/ghgformations.com\/","name":"GhG Formation","description":"Boostez vos comp\u00e9tences.","publisher":{"@id":"https:\/\/ghgformations.com\/#organization"},"potentialAction":[{"@type":"SearchAction","target":{"@type":"EntryPoint","urlTemplate":"https:\/\/ghgformations.com\/?s={search_term_string}"},"query-input":{"@type":"PropertyValueSpecification","valueRequired":true,"valueName":"search_term_string"}}],"inLanguage":"fr-FR"},{"@type":"Organization","@id":"https:\/\/ghgformations.com\/#organization","name":"GhG Formation","url":"https:\/\/ghgformations.com\/","logo":{"@type":"ImageObject","inLanguage":"fr-FR","@id":"https:\/\/ghgformations.com\/#\/schema\/logo\/image\/","url":"https:\/\/ghgformations.com\/wp-content\/uploads\/2024\/07\/logo.jpg","contentUrl":"https:\/\/ghgformations.com\/wp-content\/uploads\/2024\/07\/logo.jpg","width":320,"height":68,"caption":"GhG Formation"},"image":{"@id":"https:\/\/ghgformations.com\/#\/schema\/logo\/image\/"}}]}},"_links":{"self":[{"href":"https:\/\/ghgformations.com\/fr\/wp-json\/wp\/v2\/pages\/639","targetHints":{"allow":["GET"]}}],"collection":[{"href":"https:\/\/ghgformations.com\/fr\/wp-json\/wp\/v2\/pages"}],"about":[{"href":"https:\/\/ghgformations.com\/fr\/wp-json\/wp\/v2\/types\/page"}],"author":[{"embeddable":true,"href":"https:\/\/ghgformations.com\/fr\/wp-json\/wp\/v2\/users\/1"}],"replies":[{"embeddable":true,"href":"https:\/\/ghgformations.com\/fr\/wp-json\/wp\/v2\/comments?post=639"}],"version-history":[{"count":0,"href":"https:\/\/ghgformations.com\/fr\/wp-json\/wp\/v2\/pages\/639\/revisions"}],"wp:attachment":[{"href":"https:\/\/ghgformations.com\/fr\/wp-json\/wp\/v2\/media?parent=639"}],"curies":[{"name":"wp","href":"https:\/\/api.w.org\/{rel}","templated":true}]}}