{"id":730,"date":"2024-06-25T12:30:56","date_gmt":"2024-06-25T12:30:56","guid":{"rendered":"https:\/\/ghgformations.com\/relation-client\/"},"modified":"2025-05-27T13:48:21","modified_gmt":"2025-05-27T13:48:21","slug":"formations-en-relation-client","status":"publish","type":"page","link":"https:\/\/ghgformations.com\/fr\/formations-en-relation-client\/","title":{"rendered":"Formations en Relation Client"},"content":{"rendered":"<p style=\"text-align: center;\">Nous offrons des solutions sur mesure aux Responsables Service Client, Responsables B2B, et Charg\u00e9s de Satisfaction Client pour optimiser les interactions humaines, personnaliser le service, et renforcer la satisfaction client. En vous accompagnant dans la gestion des attentes et des plaintes, nos formations vous aident \u00e0 c<strong><\/strong>onstruire des relations solides et durables avec vos clients.<\/p>\n<p><span><img decoding=\"async\" alt=\"\" data-id=\"1304\" width=\"460\" data-init-width=\"568\" height=\"402\" data-init-height=\"497\" title=\"customer-relationship\" loading=\"lazy\" src=\"https:\/\/ghgformations.com\/wp-content\/uploads\/2024\/10\/customer-relationship.png\" data-width=\"460\" data-height=\"402\" style=\"aspect-ratio: auto 568 \/ 497;\"><\/span><\/p>\n<h2>Valoriser votre accueil physique et t\u00e9l\u00e9phonique<\/h2>\n<p><span><img decoding=\"async\" alt=\"\" data-id=\"293\" width=\"90\" data-init-width=\"90\" height=\"2\" data-init-height=\"2\" title=\"line\" loading=\"lazy\" src=\"https:\/\/ghgformations.com\/wp-content\/uploads\/2024\/06\/line.png\" data-width=\"90\" data-height=\"2\" style=\"aspect-ratio: auto 90 \/ 2;\"><\/span><\/p>\n<p style=\"\">Pour vos \u00e9quipes de relation client, que ce soit par t\u00e9l\u00e9phone ou en face \u00e0 face, l&rsquo;accueil joue un r\u00f4le essentiel dans la premi\u00e8re impression que vous laissez \u00e0 vos clients. Un accueil de qualit\u00e9 est le point de d\u00e9part d&rsquo;une exp\u00e9rience client positive et constitue la base de relations durables et bas\u00e9es sur la confiance.Cette formation, alliant th\u00e9orie et pratique, permet \u00e0 vos \u00e9quipes de ma\u00eetriser les comp\u00e9tences cl\u00e9s en communication client. Elles apprendront \u00e0 g\u00e9rer efficacement les interactions, qu&rsquo;il s&rsquo;agisse de situations en personne ou par t\u00e9l\u00e9phone, tout en adoptant des techniques \u00e9prouv\u00e9es pour faire face aux situations d\u00e9licates.Investir dans la qualit\u00e9 de votre accueil, c&rsquo;est transformer chaque interaction en une opportunit\u00e9 de renforcer la satisfaction et la fid\u00e9lit\u00e9 de vos clients, tout en assurant une repr\u00e9sentation professionnelle de votre marque \u00e0 chaque point de contact.<\/p>\n<h2>G\u00e9rer les situations complexes en relation complexes<\/h2>\n<p><span><img decoding=\"async\" alt=\"\" data-id=\"293\" width=\"90\" data-init-width=\"90\" height=\"2\" data-init-height=\"2\" title=\"line\" loading=\"lazy\" src=\"https:\/\/ghgformations.com\/wp-content\/uploads\/2024\/06\/line.png\" data-width=\"90\" data-height=\"2\" style=\"aspect-ratio: auto 90 \/ 2;\"><\/span><\/p>\n<p style=\"\">La gestion des situations complexes est cruciale pour maintenir l&rsquo;image de marque de votre entreprise et garantir la satisfaction client. En formant vos \u00e9quipes \u00e0 mieux g\u00e9rer ces situations, vous leur donnez les moyens d&rsquo;identifier et de d\u00e9samorcer les tensions avant qu&rsquo;elles ne deviennent des probl\u00e8mes majeurs. Cette formation leur enseigne des techniques de communication avanc\u00e9es et des strat\u00e9gies de r\u00e9solution de conflits qui leur permettront de transformer les d\u00e9fis en opportunit\u00e9s, tout en maintenant des relations positives avec les clients.En investissant dans cette formation, vous assurez non seulement que vos collaborateurs sont \u00e9quip\u00e9s pour g\u00e9rer les situations d\u00e9licates avec professionnalisme, mais vous renforcez \u00e9galement leur capacit\u00e9 \u00e0 g\u00e9rer leur stress et \u00e0 pr\u00e9server leur bien-\u00eatre au travail. Vos \u00e9quipes seront ainsi mieux pr\u00e9par\u00e9es \u00e0 repr\u00e9senter votre entreprise sous son meilleur jour, m\u00eame en situation de crise, contribuant \u00e0 renforcer la fid\u00e9lit\u00e9 de vos clients et \u00e0 prot\u00e9ger l&rsquo;image de votre marque dans lescontextes les plus exigeants.<\/p>\n<p><span><img decoding=\"async\" alt=\"\" data-id=\"1306\" width=\"460\" data-init-width=\"569\" height=\"355\" data-init-height=\"440\" title=\"Managing-complex-situations-in-complex-relationships\" loading=\"lazy\" src=\"https:\/\/ghgformations.com\/wp-content\/uploads\/2024\/10\/Managing-complex-situations-in-complex-relationships.png\" data-width=\"460\" data-height=\"355\" style=\"aspect-ratio: auto 569 \/ 440;\"><\/span><\/p>\n<h5 style=\"text-align: center;\"><strong>Vous \u00eates satisfait de la formation et des m\u00e9thodes utilis\u00e9es?<\/strong><\/h5>\n<p><strong>4,6 sur 5<\/strong><\/p>\n","protected":false},"excerpt":{"rendered":"<p>Nous offrons des solutions sur mesure aux Responsables Service Client, Responsables B2B, et Charg\u00e9s de Satisfaction Client pour optimiser les interactions humaines, personnaliser le service, et renforcer la satisfaction client. En vous accompagnant dans la gestion des attentes et des plaintes, nos formations vous aident \u00e0 construire des relations solides et durables avec vos clients. [&hellip;]<\/p>\n","protected":false},"author":1,"featured_media":0,"parent":0,"menu_order":0,"comment_status":"closed","ping_status":"closed","template":"","meta":{"footnotes":""},"class_list":["post-730","page","type-page","status-publish","hentry","post-wrapper","thrv_wrapper"],"yoast_head":"<!-- This site is optimized with the Yoast SEO plugin v25.0 - https:\/\/yoast.com\/wordpress\/plugins\/seo\/ -->\n<title>Formations en Relation Client - GhG Formation<\/title>\n<meta name=\"robots\" content=\"index, follow, max-snippet:-1, max-image-preview:large, max-video-preview:-1\" \/>\n<link rel=\"canonical\" href=\"https:\/\/ghgformations.com\/fr\/formations-en-relation-client\/\" \/>\n<meta property=\"og:locale\" content=\"fr_FR\" \/>\n<meta property=\"og:type\" content=\"article\" \/>\n<meta property=\"og:title\" content=\"Formations en Relation Client - GhG Formation\" \/>\n<meta property=\"og:description\" content=\"Nous offrons des solutions sur mesure aux Responsables Service Client, Responsables B2B, et Charg\u00e9s de Satisfaction Client pour optimiser les interactions humaines, personnaliser le service, et renforcer la satisfaction client. En vous accompagnant dans la gestion des attentes et des plaintes, nos formations vous aident \u00e0 construire des relations solides et durables avec vos clients. [&hellip;]\" \/>\n<meta property=\"og:url\" content=\"https:\/\/ghgformations.com\/fr\/formations-en-relation-client\/\" \/>\n<meta property=\"og:site_name\" content=\"GhG Formation\" \/>\n<meta property=\"article:modified_time\" content=\"2025-05-27T13:48:21+00:00\" \/>\n<meta property=\"og:image\" content=\"https:\/\/ghgformations.com\/wp-content\/uploads\/2024\/10\/customer-relationship.png\" \/>\n<meta name=\"twitter:card\" content=\"summary_large_image\" \/>\n<meta name=\"twitter:label1\" content=\"Dur\u00e9e de lecture estim\u00e9e\" \/>\n\t<meta name=\"twitter:data1\" content=\"2 minutes\" \/>\n<script type=\"application\/ld+json\" class=\"yoast-schema-graph\">{\"@context\":\"https:\/\/schema.org\",\"@graph\":[{\"@type\":\"WebPage\",\"@id\":\"https:\/\/ghgformations.com\/fr\/formations-en-relation-client\/\",\"url\":\"https:\/\/ghgformations.com\/fr\/formations-en-relation-client\/\",\"name\":\"Formations en Relation Client - GhG Formation\",\"isPartOf\":{\"@id\":\"https:\/\/ghgformations.com\/#website\"},\"primaryImageOfPage\":{\"@id\":\"https:\/\/ghgformations.com\/fr\/formations-en-relation-client\/#primaryimage\"},\"image\":{\"@id\":\"https:\/\/ghgformations.com\/fr\/formations-en-relation-client\/#primaryimage\"},\"thumbnailUrl\":\"https:\/\/ghgformations.com\/wp-content\/uploads\/2024\/10\/customer-relationship.png\",\"datePublished\":\"2024-06-25T12:30:56+00:00\",\"dateModified\":\"2025-05-27T13:48:21+00:00\",\"breadcrumb\":{\"@id\":\"https:\/\/ghgformations.com\/fr\/formations-en-relation-client\/#breadcrumb\"},\"inLanguage\":\"fr-FR\",\"potentialAction\":[{\"@type\":\"ReadAction\",\"target\":[\"https:\/\/ghgformations.com\/fr\/formations-en-relation-client\/\"]}]},{\"@type\":\"ImageObject\",\"inLanguage\":\"fr-FR\",\"@id\":\"https:\/\/ghgformations.com\/fr\/formations-en-relation-client\/#primaryimage\",\"url\":\"https:\/\/ghgformations.com\/wp-content\/uploads\/2024\/10\/customer-relationship.png\",\"contentUrl\":\"https:\/\/ghgformations.com\/wp-content\/uploads\/2024\/10\/customer-relationship.png\"},{\"@type\":\"BreadcrumbList\",\"@id\":\"https:\/\/ghgformations.com\/fr\/formations-en-relation-client\/#breadcrumb\",\"itemListElement\":[{\"@type\":\"ListItem\",\"position\":1,\"name\":\"Home\",\"item\":\"https:\/\/ghgformations.com\/fr\/\"},{\"@type\":\"ListItem\",\"position\":2,\"name\":\"Formations en Relation Client\"}]},{\"@type\":\"WebSite\",\"@id\":\"https:\/\/ghgformations.com\/#website\",\"url\":\"https:\/\/ghgformations.com\/\",\"name\":\"GhG Formation\",\"description\":\"Boostez vos comp\u00e9tences.\",\"publisher\":{\"@id\":\"https:\/\/ghgformations.com\/#organization\"},\"potentialAction\":[{\"@type\":\"SearchAction\",\"target\":{\"@type\":\"EntryPoint\",\"urlTemplate\":\"https:\/\/ghgformations.com\/?s={search_term_string}\"},\"query-input\":{\"@type\":\"PropertyValueSpecification\",\"valueRequired\":true,\"valueName\":\"search_term_string\"}}],\"inLanguage\":\"fr-FR\"},{\"@type\":\"Organization\",\"@id\":\"https:\/\/ghgformations.com\/#organization\",\"name\":\"GhG Formation\",\"url\":\"https:\/\/ghgformations.com\/\",\"logo\":{\"@type\":\"ImageObject\",\"inLanguage\":\"fr-FR\",\"@id\":\"https:\/\/ghgformations.com\/#\/schema\/logo\/image\/\",\"url\":\"https:\/\/ghgformations.com\/wp-content\/uploads\/2024\/07\/logo.jpg\",\"contentUrl\":\"https:\/\/ghgformations.com\/wp-content\/uploads\/2024\/07\/logo.jpg\",\"width\":320,\"height\":68,\"caption\":\"GhG Formation\"},\"image\":{\"@id\":\"https:\/\/ghgformations.com\/#\/schema\/logo\/image\/\"}}]}<\/script>\n<!-- \/ Yoast SEO plugin. -->","yoast_head_json":{"title":"Formations en Relation Client - GhG Formation","robots":{"index":"index","follow":"follow","max-snippet":"max-snippet:-1","max-image-preview":"max-image-preview:large","max-video-preview":"max-video-preview:-1"},"canonical":"https:\/\/ghgformations.com\/fr\/formations-en-relation-client\/","og_locale":"fr_FR","og_type":"article","og_title":"Formations en Relation Client - GhG Formation","og_description":"Nous offrons des solutions sur mesure aux Responsables Service Client, Responsables B2B, et Charg\u00e9s de Satisfaction Client pour optimiser les interactions humaines, personnaliser le service, et renforcer la satisfaction client. En vous accompagnant dans la gestion des attentes et des plaintes, nos formations vous aident \u00e0 construire des relations solides et durables avec vos clients. [&hellip;]","og_url":"https:\/\/ghgformations.com\/fr\/formations-en-relation-client\/","og_site_name":"GhG Formation","article_modified_time":"2025-05-27T13:48:21+00:00","og_image":[{"url":"https:\/\/ghgformations.com\/wp-content\/uploads\/2024\/10\/customer-relationship.png","type":"","width":"","height":""}],"twitter_card":"summary_large_image","twitter_misc":{"Dur\u00e9e de lecture estim\u00e9e":"2 minutes"},"schema":{"@context":"https:\/\/schema.org","@graph":[{"@type":"WebPage","@id":"https:\/\/ghgformations.com\/fr\/formations-en-relation-client\/","url":"https:\/\/ghgformations.com\/fr\/formations-en-relation-client\/","name":"Formations en Relation Client - GhG Formation","isPartOf":{"@id":"https:\/\/ghgformations.com\/#website"},"primaryImageOfPage":{"@id":"https:\/\/ghgformations.com\/fr\/formations-en-relation-client\/#primaryimage"},"image":{"@id":"https:\/\/ghgformations.com\/fr\/formations-en-relation-client\/#primaryimage"},"thumbnailUrl":"https:\/\/ghgformations.com\/wp-content\/uploads\/2024\/10\/customer-relationship.png","datePublished":"2024-06-25T12:30:56+00:00","dateModified":"2025-05-27T13:48:21+00:00","breadcrumb":{"@id":"https:\/\/ghgformations.com\/fr\/formations-en-relation-client\/#breadcrumb"},"inLanguage":"fr-FR","potentialAction":[{"@type":"ReadAction","target":["https:\/\/ghgformations.com\/fr\/formations-en-relation-client\/"]}]},{"@type":"ImageObject","inLanguage":"fr-FR","@id":"https:\/\/ghgformations.com\/fr\/formations-en-relation-client\/#primaryimage","url":"https:\/\/ghgformations.com\/wp-content\/uploads\/2024\/10\/customer-relationship.png","contentUrl":"https:\/\/ghgformations.com\/wp-content\/uploads\/2024\/10\/customer-relationship.png"},{"@type":"BreadcrumbList","@id":"https:\/\/ghgformations.com\/fr\/formations-en-relation-client\/#breadcrumb","itemListElement":[{"@type":"ListItem","position":1,"name":"Home","item":"https:\/\/ghgformations.com\/fr\/"},{"@type":"ListItem","position":2,"name":"Formations en Relation Client"}]},{"@type":"WebSite","@id":"https:\/\/ghgformations.com\/#website","url":"https:\/\/ghgformations.com\/","name":"GhG Formation","description":"Boostez vos comp\u00e9tences.","publisher":{"@id":"https:\/\/ghgformations.com\/#organization"},"potentialAction":[{"@type":"SearchAction","target":{"@type":"EntryPoint","urlTemplate":"https:\/\/ghgformations.com\/?s={search_term_string}"},"query-input":{"@type":"PropertyValueSpecification","valueRequired":true,"valueName":"search_term_string"}}],"inLanguage":"fr-FR"},{"@type":"Organization","@id":"https:\/\/ghgformations.com\/#organization","name":"GhG Formation","url":"https:\/\/ghgformations.com\/","logo":{"@type":"ImageObject","inLanguage":"fr-FR","@id":"https:\/\/ghgformations.com\/#\/schema\/logo\/image\/","url":"https:\/\/ghgformations.com\/wp-content\/uploads\/2024\/07\/logo.jpg","contentUrl":"https:\/\/ghgformations.com\/wp-content\/uploads\/2024\/07\/logo.jpg","width":320,"height":68,"caption":"GhG Formation"},"image":{"@id":"https:\/\/ghgformations.com\/#\/schema\/logo\/image\/"}}]}},"_links":{"self":[{"href":"https:\/\/ghgformations.com\/fr\/wp-json\/wp\/v2\/pages\/730","targetHints":{"allow":["GET"]}}],"collection":[{"href":"https:\/\/ghgformations.com\/fr\/wp-json\/wp\/v2\/pages"}],"about":[{"href":"https:\/\/ghgformations.com\/fr\/wp-json\/wp\/v2\/types\/page"}],"author":[{"embeddable":true,"href":"https:\/\/ghgformations.com\/fr\/wp-json\/wp\/v2\/users\/1"}],"replies":[{"embeddable":true,"href":"https:\/\/ghgformations.com\/fr\/wp-json\/wp\/v2\/comments?post=730"}],"version-history":[{"count":0,"href":"https:\/\/ghgformations.com\/fr\/wp-json\/wp\/v2\/pages\/730\/revisions"}],"wp:attachment":[{"href":"https:\/\/ghgformations.com\/fr\/wp-json\/wp\/v2\/media?parent=730"}],"curies":[{"name":"wp","href":"https:\/\/api.w.org\/{rel}","templated":true}]}}