{"id":736,"date":"2024-06-25T12:31:15","date_gmt":"2024-06-25T12:31:15","guid":{"rendered":"https:\/\/ghgformations.com\/data\/"},"modified":"2025-05-27T13:46:00","modified_gmt":"2025-05-27T13:46:00","slug":"analyse-de-donnees","status":"publish","type":"page","link":"https:\/\/ghgformations.com\/fr\/analyse-de-donnees\/","title":{"rendered":"Analyse de Donn\u00e9es"},"content":{"rendered":"<p><span><img decoding=\"async\" alt=\"\" data-id=\"349\" width=\"568\" data-init-width=\"568\" height=\"497\" data-init-height=\"497\" title=\"overview\" loading=\"lazy\" src=\"https:\/\/ghgformations.com\/wp-content\/uploads\/2024\/07\/overview.png\" data-width=\"568\" data-height=\"497\" style=\"aspect-ratio: auto 568 \/ 497;\"><\/span><\/p>\n<h2 style=\"\">De Les fondamentaux en Data Visualisation<\/h2>\n<p><span><img decoding=\"async\" alt=\"\" data-id=\"293\" width=\"90\" data-init-width=\"90\" height=\"2\" data-init-height=\"2\" title=\"line\" loading=\"lazy\" src=\"https:\/\/ghgformations.com\/wp-content\/uploads\/2024\/06\/line.png\" data-width=\"90\" data-height=\"2\" style=\"aspect-ratio: auto 90 \/ 2;\"><\/span><\/p>\n<p>La visualisation des donn\u00e9es est devenue un enjeu crucial pour les entreprises souhaitant rendre l&rsquo;information accessible et compr\u00e9hensible pour leurs utilisateurs et d\u00e9cideurs. En effet, sans des visualisations claires et intuitives, les donn\u00e9es restent enferm\u00e9es dans des API et des tableurs, limitant ainsi leur utilit\u00e9 et l&rsquo;acc\u00e8s \u00e0 l&rsquo;information. La capacit\u00e9 \u00e0 capter l&rsquo;attention de l&rsquo;audience gr\u00e2ce \u00e0 des repr\u00e9sentations visuelles efficaces est un d\u00e9fi qui demande souvent un investissement important.<\/p>\n<p>Cette formation vise \u00e0 simplifier ce processus en rendant la data visualisation accessible gr\u00e2ce \u00e0 des m\u00e9thodes simples et \u00e9prouv\u00e9es. En ma\u00eetrisant les bases, les entreprises peuvent transformer des ensembles de donn\u00e9es complexes en outils de prise de d\u00e9cision clairs et percutants, tout en optimisant le temps et les ressources n\u00e9cessaires \u00e0 la production de ces visuels. Que ce soit pour cr\u00e9er des graphiques basiques ou des tableaux de bord interactifs, cette formation fournit les comp\u00e9tences essentielles pour exploiter pleinement le potentiel de la visualisation des donn\u00e9es.<\/p>\n<p><span><img decoding=\"async\" alt=\"\" data-id=\"350\" width=\"516\" data-init-width=\"569\" height=\"400\" data-init-height=\"441\" title=\"image2\" loading=\"lazy\" src=\"https:\/\/ghgformations.com\/wp-content\/uploads\/2024\/07\/image2.jpg\" data-width=\"516\" data-height=\"400\" style=\"aspect-ratio: auto 569 \/ 441;\"><\/span><\/p>\n<h5 style=\"text-align: center;\"><strong>Vous \u00eates satisfait de la formation et des m\u00e9thodes utilis\u00e9es?<\/strong><\/h5>\n<p><strong>4,6 sur 5<\/strong><\/p>\n","protected":false},"excerpt":{"rendered":"<p>De Les fondamentaux en Data Visualisation La visualisation des donn\u00e9es est devenue un enjeu crucial pour les entreprises souhaitant rendre l&rsquo;information accessible et compr\u00e9hensible pour leurs utilisateurs et d\u00e9cideurs. En effet, sans des visualisations claires et intuitives, les donn\u00e9es restent enferm\u00e9es dans des API et des tableurs, limitant ainsi leur utilit\u00e9 et l&rsquo;acc\u00e8s \u00e0 l&rsquo;information. [&hellip;]<\/p>\n","protected":false},"author":1,"featured_media":0,"parent":0,"menu_order":0,"comment_status":"closed","ping_status":"closed","template":"","meta":{"footnotes":""},"class_list":["post-736","page","type-page","status-publish","hentry","post-wrapper","thrv_wrapper"],"yoast_head":"<!-- This site is optimized with the Yoast SEO plugin v25.0 - https:\/\/yoast.com\/wordpress\/plugins\/seo\/ -->\n<title>Analyse de Donn\u00e9es - GhG Formation<\/title>\n<meta name=\"robots\" content=\"index, follow, max-snippet:-1, max-image-preview:large, max-video-preview:-1\" \/>\n<link rel=\"canonical\" href=\"https:\/\/ghgformations.com\/fr\/analyse-de-donnees\/\" \/>\n<meta property=\"og:locale\" content=\"fr_FR\" \/>\n<meta property=\"og:type\" content=\"article\" \/>\n<meta property=\"og:title\" content=\"Analyse de Donn\u00e9es - GhG Formation\" \/>\n<meta property=\"og:description\" content=\"De Les fondamentaux en Data Visualisation La visualisation des donn\u00e9es est devenue un enjeu crucial pour les entreprises souhaitant rendre l&rsquo;information accessible et compr\u00e9hensible pour leurs utilisateurs et d\u00e9cideurs. En effet, sans des visualisations claires et intuitives, les donn\u00e9es restent enferm\u00e9es dans des API et des tableurs, limitant ainsi leur utilit\u00e9 et l&rsquo;acc\u00e8s \u00e0 l&rsquo;information. [&hellip;]\" \/>\n<meta property=\"og:url\" content=\"https:\/\/ghgformations.com\/fr\/analyse-de-donnees\/\" \/>\n<meta property=\"og:site_name\" content=\"GhG Formation\" \/>\n<meta property=\"article:modified_time\" content=\"2025-05-27T13:46:00+00:00\" \/>\n<meta property=\"og:image\" content=\"https:\/\/ghgformations.com\/wp-content\/uploads\/2024\/07\/overview.png\" \/>\n<meta name=\"twitter:card\" content=\"summary_large_image\" \/>\n<meta name=\"twitter:label1\" content=\"Dur\u00e9e de lecture estim\u00e9e\" \/>\n\t<meta name=\"twitter:data1\" content=\"1 minute\" \/>\n<script type=\"application\/ld+json\" class=\"yoast-schema-graph\">{\"@context\":\"https:\/\/schema.org\",\"@graph\":[{\"@type\":\"WebPage\",\"@id\":\"https:\/\/ghgformations.com\/fr\/analyse-de-donnees\/\",\"url\":\"https:\/\/ghgformations.com\/fr\/analyse-de-donnees\/\",\"name\":\"Analyse de Donn\u00e9es - GhG Formation\",\"isPartOf\":{\"@id\":\"https:\/\/ghgformations.com\/#website\"},\"primaryImageOfPage\":{\"@id\":\"https:\/\/ghgformations.com\/fr\/analyse-de-donnees\/#primaryimage\"},\"image\":{\"@id\":\"https:\/\/ghgformations.com\/fr\/analyse-de-donnees\/#primaryimage\"},\"thumbnailUrl\":\"https:\/\/ghgformations.com\/wp-content\/uploads\/2024\/07\/overview.png\",\"datePublished\":\"2024-06-25T12:31:15+00:00\",\"dateModified\":\"2025-05-27T13:46:00+00:00\",\"breadcrumb\":{\"@id\":\"https:\/\/ghgformations.com\/fr\/analyse-de-donnees\/#breadcrumb\"},\"inLanguage\":\"fr-FR\",\"potentialAction\":[{\"@type\":\"ReadAction\",\"target\":[\"https:\/\/ghgformations.com\/fr\/analyse-de-donnees\/\"]}]},{\"@type\":\"ImageObject\",\"inLanguage\":\"fr-FR\",\"@id\":\"https:\/\/ghgformations.com\/fr\/analyse-de-donnees\/#primaryimage\",\"url\":\"https:\/\/ghgformations.com\/wp-content\/uploads\/2024\/07\/overview.png\",\"contentUrl\":\"https:\/\/ghgformations.com\/wp-content\/uploads\/2024\/07\/overview.png\"},{\"@type\":\"BreadcrumbList\",\"@id\":\"https:\/\/ghgformations.com\/fr\/analyse-de-donnees\/#breadcrumb\",\"itemListElement\":[{\"@type\":\"ListItem\",\"position\":1,\"name\":\"Home\",\"item\":\"https:\/\/ghgformations.com\/fr\/\"},{\"@type\":\"ListItem\",\"position\":2,\"name\":\"Analyse de Donn\u00e9es\"}]},{\"@type\":\"WebSite\",\"@id\":\"https:\/\/ghgformations.com\/#website\",\"url\":\"https:\/\/ghgformations.com\/\",\"name\":\"GhG Formation\",\"description\":\"Boostez vos comp\u00e9tences.\",\"publisher\":{\"@id\":\"https:\/\/ghgformations.com\/#organization\"},\"potentialAction\":[{\"@type\":\"SearchAction\",\"target\":{\"@type\":\"EntryPoint\",\"urlTemplate\":\"https:\/\/ghgformations.com\/?s={search_term_string}\"},\"query-input\":{\"@type\":\"PropertyValueSpecification\",\"valueRequired\":true,\"valueName\":\"search_term_string\"}}],\"inLanguage\":\"fr-FR\"},{\"@type\":\"Organization\",\"@id\":\"https:\/\/ghgformations.com\/#organization\",\"name\":\"GhG Formation\",\"url\":\"https:\/\/ghgformations.com\/\",\"logo\":{\"@type\":\"ImageObject\",\"inLanguage\":\"fr-FR\",\"@id\":\"https:\/\/ghgformations.com\/#\/schema\/logo\/image\/\",\"url\":\"https:\/\/ghgformations.com\/wp-content\/uploads\/2024\/07\/logo.jpg\",\"contentUrl\":\"https:\/\/ghgformations.com\/wp-content\/uploads\/2024\/07\/logo.jpg\",\"width\":320,\"height\":68,\"caption\":\"GhG Formation\"},\"image\":{\"@id\":\"https:\/\/ghgformations.com\/#\/schema\/logo\/image\/\"}}]}<\/script>\n<!-- \/ Yoast SEO plugin. -->","yoast_head_json":{"title":"Analyse de Donn\u00e9es - GhG Formation","robots":{"index":"index","follow":"follow","max-snippet":"max-snippet:-1","max-image-preview":"max-image-preview:large","max-video-preview":"max-video-preview:-1"},"canonical":"https:\/\/ghgformations.com\/fr\/analyse-de-donnees\/","og_locale":"fr_FR","og_type":"article","og_title":"Analyse de Donn\u00e9es - GhG Formation","og_description":"De Les fondamentaux en Data Visualisation La visualisation des donn\u00e9es est devenue un enjeu crucial pour les entreprises souhaitant rendre l&rsquo;information accessible et compr\u00e9hensible pour leurs utilisateurs et d\u00e9cideurs. En effet, sans des visualisations claires et intuitives, les donn\u00e9es restent enferm\u00e9es dans des API et des tableurs, limitant ainsi leur utilit\u00e9 et l&rsquo;acc\u00e8s \u00e0 l&rsquo;information. [&hellip;]","og_url":"https:\/\/ghgformations.com\/fr\/analyse-de-donnees\/","og_site_name":"GhG Formation","article_modified_time":"2025-05-27T13:46:00+00:00","og_image":[{"url":"https:\/\/ghgformations.com\/wp-content\/uploads\/2024\/07\/overview.png","type":"","width":"","height":""}],"twitter_card":"summary_large_image","twitter_misc":{"Dur\u00e9e de lecture estim\u00e9e":"1 minute"},"schema":{"@context":"https:\/\/schema.org","@graph":[{"@type":"WebPage","@id":"https:\/\/ghgformations.com\/fr\/analyse-de-donnees\/","url":"https:\/\/ghgformations.com\/fr\/analyse-de-donnees\/","name":"Analyse de Donn\u00e9es - GhG Formation","isPartOf":{"@id":"https:\/\/ghgformations.com\/#website"},"primaryImageOfPage":{"@id":"https:\/\/ghgformations.com\/fr\/analyse-de-donnees\/#primaryimage"},"image":{"@id":"https:\/\/ghgformations.com\/fr\/analyse-de-donnees\/#primaryimage"},"thumbnailUrl":"https:\/\/ghgformations.com\/wp-content\/uploads\/2024\/07\/overview.png","datePublished":"2024-06-25T12:31:15+00:00","dateModified":"2025-05-27T13:46:00+00:00","breadcrumb":{"@id":"https:\/\/ghgformations.com\/fr\/analyse-de-donnees\/#breadcrumb"},"inLanguage":"fr-FR","potentialAction":[{"@type":"ReadAction","target":["https:\/\/ghgformations.com\/fr\/analyse-de-donnees\/"]}]},{"@type":"ImageObject","inLanguage":"fr-FR","@id":"https:\/\/ghgformations.com\/fr\/analyse-de-donnees\/#primaryimage","url":"https:\/\/ghgformations.com\/wp-content\/uploads\/2024\/07\/overview.png","contentUrl":"https:\/\/ghgformations.com\/wp-content\/uploads\/2024\/07\/overview.png"},{"@type":"BreadcrumbList","@id":"https:\/\/ghgformations.com\/fr\/analyse-de-donnees\/#breadcrumb","itemListElement":[{"@type":"ListItem","position":1,"name":"Home","item":"https:\/\/ghgformations.com\/fr\/"},{"@type":"ListItem","position":2,"name":"Analyse de Donn\u00e9es"}]},{"@type":"WebSite","@id":"https:\/\/ghgformations.com\/#website","url":"https:\/\/ghgformations.com\/","name":"GhG Formation","description":"Boostez vos comp\u00e9tences.","publisher":{"@id":"https:\/\/ghgformations.com\/#organization"},"potentialAction":[{"@type":"SearchAction","target":{"@type":"EntryPoint","urlTemplate":"https:\/\/ghgformations.com\/?s={search_term_string}"},"query-input":{"@type":"PropertyValueSpecification","valueRequired":true,"valueName":"search_term_string"}}],"inLanguage":"fr-FR"},{"@type":"Organization","@id":"https:\/\/ghgformations.com\/#organization","name":"GhG Formation","url":"https:\/\/ghgformations.com\/","logo":{"@type":"ImageObject","inLanguage":"fr-FR","@id":"https:\/\/ghgformations.com\/#\/schema\/logo\/image\/","url":"https:\/\/ghgformations.com\/wp-content\/uploads\/2024\/07\/logo.jpg","contentUrl":"https:\/\/ghgformations.com\/wp-content\/uploads\/2024\/07\/logo.jpg","width":320,"height":68,"caption":"GhG Formation"},"image":{"@id":"https:\/\/ghgformations.com\/#\/schema\/logo\/image\/"}}]}},"_links":{"self":[{"href":"https:\/\/ghgformations.com\/fr\/wp-json\/wp\/v2\/pages\/736","targetHints":{"allow":["GET"]}}],"collection":[{"href":"https:\/\/ghgformations.com\/fr\/wp-json\/wp\/v2\/pages"}],"about":[{"href":"https:\/\/ghgformations.com\/fr\/wp-json\/wp\/v2\/types\/page"}],"author":[{"embeddable":true,"href":"https:\/\/ghgformations.com\/fr\/wp-json\/wp\/v2\/users\/1"}],"replies":[{"embeddable":true,"href":"https:\/\/ghgformations.com\/fr\/wp-json\/wp\/v2\/comments?post=736"}],"version-history":[{"count":0,"href":"https:\/\/ghgformations.com\/fr\/wp-json\/wp\/v2\/pages\/736\/revisions"}],"wp:attachment":[{"href":"https:\/\/ghgformations.com\/fr\/wp-json\/wp\/v2\/media?parent=736"}],"curies":[{"name":"wp","href":"https:\/\/api.w.org\/{rel}","templated":true}]}}