{"id":741,"date":"2024-06-25T12:31:44","date_gmt":"2024-06-25T12:31:44","guid":{"rendered":"https:\/\/ghgformations.com\/ecologie\/"},"modified":"2025-05-27T13:49:57","modified_gmt":"2025-05-27T13:49:57","slug":"rse","status":"publish","type":"page","link":"https:\/\/ghgformations.com\/fr\/rse\/","title":{"rendered":"Formations en RSE"},"content":{"rendered":"<p style=\"text-align: center;\">Avec la Fresque du Num\u00e9rique et la Fresque du Climat, nous formons les dirigeants et responsables RSE \u00e0 adopter des pratiques num\u00e9riques \u00e9co-responsables, en leur fournissant les outils n\u00e9cessaires pour r\u00e9duire leur empreinte carbone num\u00e9rique tout en optimisant l&rsquo;utilisation des technologies. Nos formations permettent aux entreprises de concilier innovation technologique et durabilit\u00e9.<\/p>\n<p style=\"text-align: center;\">Nous accompagnons aussi les collectivit\u00e9s territoriales et les services publics dans la formation de leurs agents et citoyens sur les enjeux num\u00e9riques et environnementaux, en les aidant \u00e0 adopter des pratiques plus responsables et \u00e0 sensibiliser leurs communaut\u00e9s.<\/p>\n<p><span><img decoding=\"async\" alt=\"\" data-id=\"1309\" width=\"460\" data-init-width=\"568\" height=\"402\" data-init-height=\"497\" title=\"The-Digital-Fresco\" loading=\"lazy\" src=\"https:\/\/ghgformations.com\/wp-content\/uploads\/2024\/10\/The-Digital-Fresco.png\" data-width=\"460\" data-height=\"402\" style=\"aspect-ratio: auto 568 \/ 497;\"><\/span><\/p>\n<h2 style=\"\">La Fresque du Num\u00e9rique<\/h2>\n<p><span><img decoding=\"async\" alt=\"\" data-id=\"293\" width=\"90\" data-init-width=\"90\" height=\"2\" data-init-height=\"2\" title=\"line\" loading=\"lazy\" src=\"https:\/\/ghgformations.com\/wp-content\/uploads\/2024\/06\/line.png\" data-width=\"90\" data-height=\"2\" style=\"aspect-ratio: auto 90 \/ 2;\"><\/span><\/p>\n<p dir=\"ltr\" style=\"\">La Fresque du Num\u00e9rique est un atelier ludique et collaboratif d\u2019une demi-journ\u00e9e avec une p\u00e9dagogie similaire \u00e0 celle de La Fresque du Climat. Le but de ce \u201cserious game\u201d est de sensibiliser et former les participants aux enjeux environnementaux du num\u00e9rique.<\/p>\n<p dir=\"ltr\" style=\"\">L&rsquo;atelier vise aussi \u00e0 expliquer les grandes lignes des actions \u00e0 mettre en place pour \u00e9voluervers un num\u00e9rique plus soutenable, puis \u00e0 ouvrir des discussions entre les participants sur le sujet.<\/p>\n<p dir=\"ltr\" style=\"\">Cet atelier permet de se rassembler pour apprendre ensemble.<\/p>\n<p dir=\"ltr\" style=\"\">Un atelier f\u00e9d\u00e9rateur, bas\u00e9 sur des donn\u00e9es fiables issues notamment de rapports de l\u2019ADEME, du collectif GreenIT, d\u2019EcoInfo CNRS et du Shift Project, r\u00e9f\u00e9rences en la mati\u00e8re.<\/p>\n<p style=\"\">Les atouts de l\u2019atelier :<\/p>\n<li style=\"\">                    <span>Apprendre par des m\u00e9thodes actives (partage, discussion, application).<\/span><\/li>\n<li style=\"\">                    <span>Prendre conscience des impacts du num\u00e9rique.<\/span><\/li>\n<li style=\"\">                    <span>Engager vos collaborateurs vers de nouveaux mod\u00e8les et donner du sens.<\/span><\/li>\n<li style=\"\">                    <span>Entrer collectivement dans une r\u00e9flexion strat\u00e9gique.<\/span><\/li>\n<h2>La Fresque du Climat<\/h2>\n<p><span><img decoding=\"async\" alt=\"\" data-id=\"293\" width=\"90\" data-init-width=\"90\" height=\"2\" data-init-height=\"2\" title=\"line\" loading=\"lazy\" src=\"https:\/\/ghgformations.com\/wp-content\/uploads\/2024\/06\/line.png\" data-width=\"90\" data-height=\"2\" style=\"aspect-ratio: auto 90 \/ 2;\"><\/span><\/p>\n<p dir=\"ltr\">La Fresque du Climat permet \u00e0 chacun de comprendre le fonctionnement, l\u2019ampleur et la complexit\u00e9 des enjeux li\u00e9s aux d\u00e9r\u00e8glements climatiques.<\/p>\n<p dir=\"ltr\">Pour agir il faut comprendre, c&rsquo;est la raison d&rsquo;\u00eatre de cette formation qui permet aux individus et aux organisations de s&rsquo;approprier le d\u00e9fi de l&rsquo;urgence climatique.<\/p>\n<p dir=\"ltr\">La fresque du climat est bas\u00e9e sur des donn\u00e9es scientifiques neutres et objectives, abord\u00e9es avec une approche innovante m\u00ealant coop\u00e9ration et intelligence collective permettant une acquisition active des savoirs et un meilleur ancrage des connaissances.<\/p>\n<p dir=\"ltr\">Avec cette formation, les participants sont pleinement mobilis\u00e9s et ils partiront avec les outils qui leur permettront de commencer \u00e0 agir \u00e0 leur \u00e9chelle.<\/p>\n<p><span><img decoding=\"async\" alt=\"\" data-id=\"1311\" width=\"460\" data-init-width=\"569\" height=\"355\" data-init-height=\"440\" title=\"The-Climate-Fresco\" loading=\"lazy\" src=\"https:\/\/ghgformations.com\/wp-content\/uploads\/2024\/10\/The-Climate-Fresco.png\" data-width=\"460\" data-height=\"355\" style=\"aspect-ratio: auto 569 \/ 440;\"><\/span><\/p>\n<h5 style=\"text-align: center;\"><strong>Vous \u00eates satisfait de la formation et des m\u00e9thodes utilis\u00e9es?<\/strong><\/h5>\n<p><strong>4,6 sur 5<\/strong><\/p>\n<h2 style=\"text-align: center;\">Avis clients<\/h2>\n<p><span><img decoding=\"async\" alt=\"\" data-id=\"293\" width=\"90\" data-init-width=\"90\" height=\"2\" data-init-height=\"2\" title=\"line\" loading=\"lazy\" src=\"https:\/\/ghgformations.com\/wp-content\/uploads\/2024\/06\/line.png\" data-width=\"90\" data-height=\"2\" style=\"aspect-ratio: auto 90 \/ 2;\"><\/span><\/p>\n<style type='text\/css' media='all'>#tss-container-1857925398.tss-wrapper .tss-carousel1,\r\n\t\t\t\t\t\t\t#tss-container-1857925398.tss-wrapper .tss-isotope1 .profile-img-wrapper:after,\r\n\t\t\t\t\t\t\t#tss-container-1857925398.tss-wrapper .tss-layout9 .profile-img-wrapper:after,\r\n\t\t\t\t\t\t\t#tss-container-1857925398.tss-wrapper .tss-isotope4 .profile-img-wrapper:after,\r\n\t\t\t\t\t\t\t#tss-container-1857925398.tss-wrapper .tss-carousel9 .profile-img-wrapper:after {\r\n\t\t\t\t\t\t\t\tbackground: #161616 !important;\r\n\t\t\t\t\t\t\t}#tss-container-1857925398.tss-wrapper .tss-layout10 .item-content-wrapper,\r\n\t\t\t\t\t#tss-container-1857925398.tss-wrapper .tss-isotope3 .item-content-wrapper,\r\n\t\t\t\t\t#tss-container-1857925398.tss-wrapper .tss-isotope5 .item-content-wrapper,\r\n\t\t\t\t\t#tss-container-1857925398.tss-wrapper .tss-carousel10 .item-content-wrapper{background: transparent;}#tss-container-1857925398.tss-wrapper .single-item-wrapper h3.author-name,\r\n\t\t\t\t\t\t#tss-container-1857925398.tss-wrapper .single-item-wrapper h3.author-name a{text-align:center;}#tss-container-1857925398.tss-wrapper .single-item-wrapper h4.author-bio{text-align:center;}#tss-container-1857925398.tss-wrapper .single-item-wrapper .item-content{color:#ffffff;}<\/style><div class='rt-container-fluid tss-wrapper ' id='tss-container-1857925398'  data-layout='carousel3' data-desktop-col='3'  data-tab-col='2'  data-mobile-col='1'><div data-title='Loading ...' class='rt-row tss-carousel3 tss-even tss-pre-loader'><div class=\"carousel-wrapper\"><div  class='tss-carousel swiper'\r\n\t\t\t\t\t\t\t\t\t\tdata-loop='true'\r\n\t\t\t\t\t\t\t\t\t\tdata-items-desktop='3'\r\n\t\t\t\t\t\t\t\t\t\tdata-items-tab='2'\r\n\t\t\t\t\t\t\t\t\t\tdata-items-mobile='1'\r\n\t\t\t\t\t\t\t\t\t\tdata-autoplay='true'\r\n\t\t\t\t\t\t\t\t\t\tdata-autoplay-timeout='5000'\r\n\t\t\t\t\t\t\t\t\t\tdata-autoplay-hover-pause='false'\r\n\t\t\t\t\t\t\t\t\t\tdata-dots='true'\r\n\t\t\t\t\t\t\t\t\t\tdata-nav='false'\r\n\t\t\t\t\t\t\t\t\t\tdata-lazy-load='false'\r\n\t\t\t\t\t\t\t\t\t\tdata-auto-height='false'\r\n\t\t\t\t\t\t\t\t\t\tdata-smart-speed='1000'\r\n\t\t\t\t\t\t\t\t\t\t><div class=\"swiper-wrapper\"><div class='rt-col-md-12 rt-col-sm-12 rt-col-xs-12 even-grid-item tss-grid-item slide-item swiper-slide even-grid-item default-margin tss-img-circle'><div class=\"single-item-wrapper\"><div class=\"tss-meta-info\"><div class='profile-img-wrapper'><img alt='Carole A.' class='rt-responsive-img' src='https:\/\/ghgformations.com\/wp-content\/uploads\/2024\/11\/Carole-A.png' \/><\/div><\/div><h3 class='author-name'>Carole A.<\/h3><div class=\"item-content-wrapper\"><div class='item-content'><p style=\"text-align: center\">\"Sujet int\u00e9ressant et formatrice agr\u00e9able\"<\/p><\/div><\/div><\/div><\/div><div class='rt-col-md-12 rt-col-sm-12 rt-col-xs-12 even-grid-item tss-grid-item slide-item swiper-slide even-grid-item default-margin tss-img-circle'><div class=\"single-item-wrapper\"><div class=\"tss-meta-info\"><div class='profile-img-wrapper'><img alt='Constance B.' class='rt-responsive-img' src='https:\/\/ghgformations.com\/wp-content\/uploads\/2024\/11\/Constance-B.png' \/><\/div><\/div><h3 class='author-name'>Constance B.<\/h3><div class=\"item-content-wrapper\"><div class='item-content'><p style=\"text-align: center\">\"Les exemples et m\u00e9taphores utilis\u00e9s permettent une bonne compr\u00e9hension des enjeux et leur assimilation.\"<\/p><\/div><\/div><\/div><\/div><div class='rt-col-md-12 rt-col-sm-12 rt-col-xs-12 even-grid-item tss-grid-item slide-item swiper-slide even-grid-item default-margin tss-img-circle'><div class=\"single-item-wrapper\"><div class=\"tss-meta-info\"><div class='profile-img-wrapper'><img alt='Herv\u00e9 L.' class='rt-responsive-img' src='https:\/\/ghgformations.com\/wp-content\/uploads\/2024\/11\/Herve-L.png' \/><\/div><\/div><h3 class='author-name'>Herv\u00e9 L.<\/h3><div class=\"item-content-wrapper\"><div class='item-content'><p style=\"text-align: center\">\"Personnellement, l'atelier m'a confort\u00e9 sur mon r\u00f4le dans mon metier d'acheteur. Et il m'a permis de r\u00e9fl\u00e9chir \u00e0 comment enrichir mes pratiques professionnelles vers un mod\u00e8le plus durable. \"<\/p><\/div><\/div><\/div><\/div><div class='rt-col-md-12 rt-col-sm-12 rt-col-xs-12 even-grid-item tss-grid-item slide-item swiper-slide even-grid-item default-margin tss-img-circle'><div class=\"single-item-wrapper\"><div class=\"tss-meta-info\"><div class='profile-img-wrapper'><img alt='Martine F.' class='rt-responsive-img' src='https:\/\/ghgformations.com\/wp-content\/uploads\/2024\/11\/Martine-F.png' \/><\/div><\/div><h3 class='author-name'>Martine F.<\/h3><div class=\"item-content-wrapper\"><div class='item-content'><p style=\"text-align: center\">\"Atelier tr\u00e8s bien con\u00e7u et anim\u00e9 de mani\u00e8re tr\u00e8s pro. Ambiance bon enfant, tr\u00e8s agr\u00e9able sur un public acquis.\"<\/p><\/div><\/div><\/div><\/div><div class='rt-col-md-12 rt-col-sm-12 rt-col-xs-12 even-grid-item tss-grid-item slide-item swiper-slide even-grid-item default-margin tss-img-circle'><div class=\"single-item-wrapper\"><div class=\"tss-meta-info\"><div class='profile-img-wrapper'><img alt='Morgane D.' class='rt-responsive-img' src='https:\/\/ghgformations.com\/wp-content\/uploads\/2024\/11\/Morgane-D.png' \/><\/div><\/div><h3 class='author-name'>Morgane D.<\/h3><div class=\"item-content-wrapper\"><div class='item-content'><p style=\"text-align: center\">\"Super Atelier en \u00e9quipe\u00a0!\"<\/p><\/div><\/div><\/div><\/div><div class='rt-col-md-12 rt-col-sm-12 rt-col-xs-12 even-grid-item tss-grid-item slide-item swiper-slide even-grid-item default-margin tss-img-circle'><div class=\"single-item-wrapper\"><div class=\"tss-meta-info\"><div class='profile-img-wrapper'><img alt='Nicolas P.' class='rt-responsive-img' src='https:\/\/ghgformations.com\/wp-content\/uploads\/2024\/11\/Nicolas-P.png' \/><\/div><\/div><h3 class='author-name'>Nicolas P.<\/h3><div class=\"item-content-wrapper\"><div class='item-content'><p style=\"text-align: center\">\"Un atelier captivant ! J'ai aim\u00e9 le c\u00f4t\u00e9 participatif en \u00e9quipe.\"<\/p><\/div><\/div><\/div><\/div><div class='rt-col-md-12 rt-col-sm-12 rt-col-xs-12 even-grid-item tss-grid-item slide-item swiper-slide even-grid-item default-margin tss-img-circle'><div class=\"single-item-wrapper\"><div class=\"tss-meta-info\"><div class='profile-img-wrapper'><img alt='Pratibha T.' class='rt-responsive-img' src='https:\/\/ghgformations.com\/wp-content\/uploads\/2024\/11\/Pratibha-T.png' \/><\/div><\/div><h3 class='author-name'>Pratibha T.<\/h3><div class=\"item-content-wrapper\"><div class='item-content'><p style=\"text-align: center\">\"J'ai aim\u00e9 la libert\u00e9 d'expression lors de cet atelier. Suite \u00e0 cet atelier, je vais r\u00e9duire au maximum mon temps d'\u00e9cran en dehors du travail.\"<\/p><\/div><\/div><\/div><\/div><div class='rt-col-md-12 rt-col-sm-12 rt-col-xs-12 even-grid-item tss-grid-item slide-item swiper-slide even-grid-item default-margin tss-img-circle'><div class=\"single-item-wrapper\"><div class=\"tss-meta-info\"><div class='profile-img-wrapper'><img alt='Yacine M.' class='rt-responsive-img' src='https:\/\/ghgformations.com\/wp-content\/uploads\/2024\/11\/Yacine-M.png' \/><\/div><\/div><h3 class='author-name'>Yacine M.<\/h3><div class=\"item-content-wrapper\"><div class='item-content'><p style=\"text-align: center\">\"La formation \u00e9tait tr\u00e8s enrichissante et bien structur\u00e9e. L'animatrice a su rendre le contenu dynamique et captivant, ce qui a favoris\u00e9 un climat d'apprentissage positif et motivant. Son enthousiasme nous a tous impliqu\u00e9s activement, et cela nous a permis de rester attentifs tout au long de la formation. Gr\u00e2ce \u00e0 son \u00e9nergie et \u00e0 son engagement, nous avons pu assimiler efficacement les connaissances et \u00e9changer dans une ambiance constructive. Encore merci\r\n\"<\/p><\/div><\/div><\/div><\/div><\/div><div class=\"swiper-pagination\"><\/div><\/div><\/div><div class=\"rt-loading-overlay\"><\/div><div class=\"rt-loading rt-ball-clip-rotate\"><div><\/div><\/div><\/div><\/div>\n","protected":false},"excerpt":{"rendered":"<p>Avec la Fresque du Num\u00e9rique et la Fresque du Climat, nous formons les dirigeants et responsables RSE \u00e0 adopter des pratiques num\u00e9riques \u00e9co-responsables, en leur fournissant les outils n\u00e9cessaires pour r\u00e9duire leur empreinte carbone num\u00e9rique tout en optimisant l&rsquo;utilisation des technologies. Nos formations permettent aux entreprises de concilier innovation technologique et durabilit\u00e9. Nous accompagnons aussi [&hellip;]<\/p>\n","protected":false},"author":1,"featured_media":0,"parent":0,"menu_order":0,"comment_status":"closed","ping_status":"closed","template":"","meta":{"footnotes":""},"class_list":["post-741","page","type-page","status-publish","hentry","post-wrapper","thrv_wrapper"],"yoast_head":"<!-- This site is optimized with the Yoast SEO plugin v25.0 - https:\/\/yoast.com\/wordpress\/plugins\/seo\/ -->\n<title>Formations en RSE - GhG Formation<\/title>\n<meta name=\"robots\" content=\"index, follow, max-snippet:-1, max-image-preview:large, max-video-preview:-1\" \/>\n<link rel=\"canonical\" href=\"https:\/\/ghgformations.com\/fr\/rse\/\" \/>\n<meta property=\"og:locale\" content=\"fr_FR\" \/>\n<meta property=\"og:type\" content=\"article\" \/>\n<meta property=\"og:title\" content=\"Formations en RSE - GhG Formation\" \/>\n<meta property=\"og:description\" content=\"Avec la Fresque du Num\u00e9rique et la Fresque du Climat, nous formons les dirigeants et responsables RSE \u00e0 adopter des pratiques num\u00e9riques \u00e9co-responsables, en leur fournissant les outils n\u00e9cessaires pour r\u00e9duire leur empreinte carbone num\u00e9rique tout en optimisant l&rsquo;utilisation des technologies. Nos formations permettent aux entreprises de concilier innovation technologique et durabilit\u00e9. Nous accompagnons aussi [&hellip;]\" \/>\n<meta property=\"og:url\" content=\"https:\/\/ghgformations.com\/fr\/rse\/\" \/>\n<meta property=\"og:site_name\" content=\"GhG Formation\" \/>\n<meta property=\"article:modified_time\" content=\"2025-05-27T13:49:57+00:00\" \/>\n<meta property=\"og:image\" content=\"https:\/\/ghgformations.com\/wp-content\/uploads\/2024\/10\/The-Digital-Fresco.png\" \/>\n<meta name=\"twitter:card\" content=\"summary_large_image\" \/>\n<meta name=\"twitter:label1\" content=\"Dur\u00e9e de lecture estim\u00e9e\" \/>\n\t<meta name=\"twitter:data1\" content=\"2 minutes\" \/>\n<script type=\"application\/ld+json\" class=\"yoast-schema-graph\">{\"@context\":\"https:\/\/schema.org\",\"@graph\":[{\"@type\":\"WebPage\",\"@id\":\"https:\/\/ghgformations.com\/fr\/rse\/\",\"url\":\"https:\/\/ghgformations.com\/fr\/rse\/\",\"name\":\"Formations en RSE - GhG Formation\",\"isPartOf\":{\"@id\":\"https:\/\/ghgformations.com\/#website\"},\"primaryImageOfPage\":{\"@id\":\"https:\/\/ghgformations.com\/fr\/rse\/#primaryimage\"},\"image\":{\"@id\":\"https:\/\/ghgformations.com\/fr\/rse\/#primaryimage\"},\"thumbnailUrl\":\"https:\/\/ghgformations.com\/wp-content\/uploads\/2024\/10\/The-Digital-Fresco.png\",\"datePublished\":\"2024-06-25T12:31:44+00:00\",\"dateModified\":\"2025-05-27T13:49:57+00:00\",\"breadcrumb\":{\"@id\":\"https:\/\/ghgformations.com\/fr\/rse\/#breadcrumb\"},\"inLanguage\":\"fr-FR\",\"potentialAction\":[{\"@type\":\"ReadAction\",\"target\":[\"https:\/\/ghgformations.com\/fr\/rse\/\"]}]},{\"@type\":\"ImageObject\",\"inLanguage\":\"fr-FR\",\"@id\":\"https:\/\/ghgformations.com\/fr\/rse\/#primaryimage\",\"url\":\"https:\/\/ghgformations.com\/wp-content\/uploads\/2024\/10\/The-Digital-Fresco.png\",\"contentUrl\":\"https:\/\/ghgformations.com\/wp-content\/uploads\/2024\/10\/The-Digital-Fresco.png\"},{\"@type\":\"BreadcrumbList\",\"@id\":\"https:\/\/ghgformations.com\/fr\/rse\/#breadcrumb\",\"itemListElement\":[{\"@type\":\"ListItem\",\"position\":1,\"name\":\"Home\",\"item\":\"https:\/\/ghgformations.com\/fr\/\"},{\"@type\":\"ListItem\",\"position\":2,\"name\":\"Formations en RSE\"}]},{\"@type\":\"WebSite\",\"@id\":\"https:\/\/ghgformations.com\/#website\",\"url\":\"https:\/\/ghgformations.com\/\",\"name\":\"GhG Formation\",\"description\":\"Boostez vos comp\u00e9tences.\",\"publisher\":{\"@id\":\"https:\/\/ghgformations.com\/#organization\"},\"potentialAction\":[{\"@type\":\"SearchAction\",\"target\":{\"@type\":\"EntryPoint\",\"urlTemplate\":\"https:\/\/ghgformations.com\/?s={search_term_string}\"},\"query-input\":{\"@type\":\"PropertyValueSpecification\",\"valueRequired\":true,\"valueName\":\"search_term_string\"}}],\"inLanguage\":\"fr-FR\"},{\"@type\":\"Organization\",\"@id\":\"https:\/\/ghgformations.com\/#organization\",\"name\":\"GhG Formation\",\"url\":\"https:\/\/ghgformations.com\/\",\"logo\":{\"@type\":\"ImageObject\",\"inLanguage\":\"fr-FR\",\"@id\":\"https:\/\/ghgformations.com\/#\/schema\/logo\/image\/\",\"url\":\"https:\/\/ghgformations.com\/wp-content\/uploads\/2024\/07\/logo.jpg\",\"contentUrl\":\"https:\/\/ghgformations.com\/wp-content\/uploads\/2024\/07\/logo.jpg\",\"width\":320,\"height\":68,\"caption\":\"GhG Formation\"},\"image\":{\"@id\":\"https:\/\/ghgformations.com\/#\/schema\/logo\/image\/\"}}]}<\/script>\n<!-- \/ Yoast SEO plugin. -->","yoast_head_json":{"title":"Formations en RSE - GhG Formation","robots":{"index":"index","follow":"follow","max-snippet":"max-snippet:-1","max-image-preview":"max-image-preview:large","max-video-preview":"max-video-preview:-1"},"canonical":"https:\/\/ghgformations.com\/fr\/rse\/","og_locale":"fr_FR","og_type":"article","og_title":"Formations en RSE - GhG Formation","og_description":"Avec la Fresque du Num\u00e9rique et la Fresque du Climat, nous formons les dirigeants et responsables RSE \u00e0 adopter des pratiques num\u00e9riques \u00e9co-responsables, en leur fournissant les outils n\u00e9cessaires pour r\u00e9duire leur empreinte carbone num\u00e9rique tout en optimisant l&rsquo;utilisation des technologies. Nos formations permettent aux entreprises de concilier innovation technologique et durabilit\u00e9. Nous accompagnons aussi [&hellip;]","og_url":"https:\/\/ghgformations.com\/fr\/rse\/","og_site_name":"GhG Formation","article_modified_time":"2025-05-27T13:49:57+00:00","og_image":[{"url":"https:\/\/ghgformations.com\/wp-content\/uploads\/2024\/10\/The-Digital-Fresco.png","type":"","width":"","height":""}],"twitter_card":"summary_large_image","twitter_misc":{"Dur\u00e9e de lecture estim\u00e9e":"2 minutes"},"schema":{"@context":"https:\/\/schema.org","@graph":[{"@type":"WebPage","@id":"https:\/\/ghgformations.com\/fr\/rse\/","url":"https:\/\/ghgformations.com\/fr\/rse\/","name":"Formations en RSE - GhG Formation","isPartOf":{"@id":"https:\/\/ghgformations.com\/#website"},"primaryImageOfPage":{"@id":"https:\/\/ghgformations.com\/fr\/rse\/#primaryimage"},"image":{"@id":"https:\/\/ghgformations.com\/fr\/rse\/#primaryimage"},"thumbnailUrl":"https:\/\/ghgformations.com\/wp-content\/uploads\/2024\/10\/The-Digital-Fresco.png","datePublished":"2024-06-25T12:31:44+00:00","dateModified":"2025-05-27T13:49:57+00:00","breadcrumb":{"@id":"https:\/\/ghgformations.com\/fr\/rse\/#breadcrumb"},"inLanguage":"fr-FR","potentialAction":[{"@type":"ReadAction","target":["https:\/\/ghgformations.com\/fr\/rse\/"]}]},{"@type":"ImageObject","inLanguage":"fr-FR","@id":"https:\/\/ghgformations.com\/fr\/rse\/#primaryimage","url":"https:\/\/ghgformations.com\/wp-content\/uploads\/2024\/10\/The-Digital-Fresco.png","contentUrl":"https:\/\/ghgformations.com\/wp-content\/uploads\/2024\/10\/The-Digital-Fresco.png"},{"@type":"BreadcrumbList","@id":"https:\/\/ghgformations.com\/fr\/rse\/#breadcrumb","itemListElement":[{"@type":"ListItem","position":1,"name":"Home","item":"https:\/\/ghgformations.com\/fr\/"},{"@type":"ListItem","position":2,"name":"Formations en RSE"}]},{"@type":"WebSite","@id":"https:\/\/ghgformations.com\/#website","url":"https:\/\/ghgformations.com\/","name":"GhG Formation","description":"Boostez vos comp\u00e9tences.","publisher":{"@id":"https:\/\/ghgformations.com\/#organization"},"potentialAction":[{"@type":"SearchAction","target":{"@type":"EntryPoint","urlTemplate":"https:\/\/ghgformations.com\/?s={search_term_string}"},"query-input":{"@type":"PropertyValueSpecification","valueRequired":true,"valueName":"search_term_string"}}],"inLanguage":"fr-FR"},{"@type":"Organization","@id":"https:\/\/ghgformations.com\/#organization","name":"GhG Formation","url":"https:\/\/ghgformations.com\/","logo":{"@type":"ImageObject","inLanguage":"fr-FR","@id":"https:\/\/ghgformations.com\/#\/schema\/logo\/image\/","url":"https:\/\/ghgformations.com\/wp-content\/uploads\/2024\/07\/logo.jpg","contentUrl":"https:\/\/ghgformations.com\/wp-content\/uploads\/2024\/07\/logo.jpg","width":320,"height":68,"caption":"GhG Formation"},"image":{"@id":"https:\/\/ghgformations.com\/#\/schema\/logo\/image\/"}}]}},"_links":{"self":[{"href":"https:\/\/ghgformations.com\/fr\/wp-json\/wp\/v2\/pages\/741","targetHints":{"allow":["GET"]}}],"collection":[{"href":"https:\/\/ghgformations.com\/fr\/wp-json\/wp\/v2\/pages"}],"about":[{"href":"https:\/\/ghgformations.com\/fr\/wp-json\/wp\/v2\/types\/page"}],"author":[{"embeddable":true,"href":"https:\/\/ghgformations.com\/fr\/wp-json\/wp\/v2\/users\/1"}],"replies":[{"embeddable":true,"href":"https:\/\/ghgformations.com\/fr\/wp-json\/wp\/v2\/comments?post=741"}],"version-history":[{"count":0,"href":"https:\/\/ghgformations.com\/fr\/wp-json\/wp\/v2\/pages\/741\/revisions"}],"wp:attachment":[{"href":"https:\/\/ghgformations.com\/fr\/wp-json\/wp\/v2\/media?parent=741"}],"curies":[{"name":"wp","href":"https:\/\/api.w.org\/{rel}","templated":true}]}}